{"id":3007,"date":"2026-01-07T14:28:07","date_gmt":"2026-01-07T14:28:07","guid":{"rendered":"https:\/\/www.laziseloverun.it\/bestimmungen\/bestimmungen-fuer-den-nicht-wettbewerbsorientierten-lauf\/"},"modified":"2026-01-13T23:28:12","modified_gmt":"2026-01-13T23:28:12","slug":"bestimmungen-fuer-den-nicht-wettbewerbsorientierten-lauf","status":"publish","type":"page","link":"https:\/\/www.laziseloverun.it\/de\/bestimmungen\/bestimmungen-fuer-den-nicht-wettbewerbsorientierten-lauf\/","title":{"rendered":"Bestimmungen f\u00fcr den nicht wettbewerbsorientierten Lauf"},"content":{"rendered":"\t\t<div data-elementor-type=\"wp-page\" data-elementor-id=\"3007\" class=\"elementor elementor-3007 elementor-2907\" data-elementor-post-type=\"page\">\n\t\t\t\t<div data-dce-background-image-url=\"https:\/\/www.laziseloverun.it\/wp-content\/uploads\/2025\/12\/2.jpg\" class=\"elementor-element elementor-element-5855fab e-flex e-con-boxed e-con e-parent\" data-id=\"5855fab\" data-element_type=\"container\" data-e-type=\"container\" data-settings=\"{&quot;background_background&quot;:&quot;classic&quot;}\">\n\t\t\t\t\t<div class=\"e-con-inner\">\n\t\t<div class=\"elementor-element elementor-element-3643c347 e-flex e-con-boxed e-con e-child\" data-id=\"3643c347\" data-element_type=\"container\" data-e-type=\"container\">\n\t\t\t\t\t<div class=\"e-con-inner\">\n\t\t<div class=\"elementor-element elementor-element-680a895 e-con-full e-flex e-con e-child\" data-id=\"680a895\" data-element_type=\"container\" data-e-type=\"container\">\n\t\t\t\t<\/div>\n\t\t\t\t\t<\/div>\n\t\t\t\t<\/div>\n\t\t\t\t\t<\/div>\n\t\t\t\t<\/div>\n\t\t<div class=\"elementor-element elementor-element-413f313 e-flex e-con-boxed e-con e-parent\" data-id=\"413f313\" data-element_type=\"container\" data-e-type=\"container\">\n\t\t\t\t\t<div class=\"e-con-inner\">\n\t\t<div class=\"elementor-element elementor-element-6bddfb8c e-con-full e-flex e-con e-child\" data-id=\"6bddfb8c\" data-element_type=\"container\" data-e-type=\"container\">\n\t\t<div class=\"elementor-element elementor-element-660e6eab e-flex e-con-boxed e-con e-child\" data-id=\"660e6eab\" data-element_type=\"container\" data-e-type=\"container\">\n\t\t\t\t\t<div class=\"e-con-inner\">\n\t\t\t\t<div class=\"elementor-element elementor-element-762659f8 elementor-widget elementor-widget-heading\" data-id=\"762659f8\" data-element_type=\"widget\" data-e-type=\"widget\" data-widget_type=\"heading.default\">\n\t\t\t\t<div class=\"elementor-widget-container\">\n\t\t\t\t\t<h2 class=\"elementor-heading-title elementor-size-default\">Bestimmungen f\u00fcr den nicht wettbewerbsorientierten Lauf<\/h2>\t\t\t\t<\/div>\n\t\t\t\t<\/div>\n\t\t\t\t<div class=\"elementor-element elementor-element-78e6f728 elementor-widget__width-auto elementor-widget elementor-widget-text-editor\" data-id=\"78e6f728\" data-element_type=\"widget\" data-e-type=\"widget\" data-widget_type=\"text-editor.default\">\n\t\t\t\t<div class=\"elementor-widget-container\">\n\t\t\t\t\t\t\t\t\t<p>Bevor du am <strong>Lazise Love Run<\/strong> teilnimmst, lies bitte die offiziellen Wettkampfbestimmungen sorgf\u00e4ltig durch. Dort findest du alle wichtigen Informationen zum Lauf. <\/p>\t\t\t\t\t\t\t\t<\/div>\n\t\t\t\t<\/div>\n\t\t\t\t\t<\/div>\n\t\t\t\t<\/div>\n\t\t\t\t<\/div>\n\t\t\t\t\t<\/div>\n\t\t\t\t<\/div>\n\t\t<div class=\"elementor-element elementor-element-5a0165ce e-flex e-con-boxed e-con e-parent\" data-id=\"5a0165ce\" data-element_type=\"container\" data-e-type=\"container\">\n\t\t\t\t\t<div class=\"e-con-inner\">\n\t\t\t\t<div class=\"elementor-element elementor-element-63c299d3 elementor-widget elementor-widget-text-editor\" data-id=\"63c299d3\" data-element_type=\"widget\" data-e-type=\"widget\" data-widget_type=\"text-editor.default\">\n\t\t\t\t<div class=\"elementor-widget-container\">\n\t\t\t\t\t\t\t\t\t<h5><b>BESTIMMUNGEN UND INFORMATIONEN<\/b><\/h5>\n<p><b>VRM TEAM ASD<\/b> organisiert in Zusammenarbeit mit der Gemeinde Lazise die II. Ausgabe des LAZISE LOVE RUN, ein nicht wettbewerbsorientierter Lauf unter der Schirmherrschaft von UISP.&nbsp;<\/p>\n<h5><b>ZEITPLAN<\/b><\/h5>\n<p>Die Veranstaltung findet am Sonntag, den 08. Februar 2026 statt.<\/p>\n<p><b>Treffpunkt:<\/b> ab 07:00 Uhr Dogana Veneta in Lazise (VR)<\/p>\n<p><b>Start:<\/b> 09:30 Uhr Piazza Vittorio Emanuele Lazise (VR)<\/p>\n<p><b>DIE ZEITLIMIT IST AUF 1H45\u2019 FESTGELEGT.<\/b><\/p>\n<p>Nach dieser Zeit ist die Organisation nicht mehr in der Lage, die Betreuung auf der Strecke und die Verpflegung zu gew\u00e4hrleisten; wer sich dann noch auf der Wettkampfstrecke befindet, ist verpflichtet, die Stra\u00dfenverkehrsordnung einzuhalten.<\/p>\n<h5><b>STRECKENMERKMALE<\/b><\/h5>\n<p>Der Wettbewerb findet auf einer Distanz von <b>10 km<\/b> statt.<\/p>\n<p>Die Strecke verl\u00e4uft auf Landstra\u00dfen, Stadtstra\u00dfen und durch das historische Zentrum von Lazise (VR).<\/p>\n<p>Die Veranstaltung steht allen L\u00e4ufern jeden Alters offen.&nbsp;&nbsp;<\/p>\n<h5><b>Anmeldeverfahren<\/b><\/h5>\n<p>Die Anmeldungen sind bis zum 06. Februar 2026 oder bis zum Erreichen von 1.200 Anmeldungen ge\u00f6ffnet und k\u00f6nnen online \u00fcber die Website avaibooksports.com unter dem Link <a href=\"https:\/\/www.avaibooksports.com\/inscripcion\/lazise-love-run-2026\/\">https:\/\/www.avaibooksports.com\/inscripcion\/lazise-love-run-2026\/<\/a> erfolgen.<\/p>\n<p>Es ist m\u00f6glich, sich am Samstag, den 7. Februar, von 15:30 bis 19:30 Uhr im Dogana Veneta in Lazise anzumelden.&nbsp;<\/p>\n<p>Die Anmeldung gilt als wirksam und best\u00e4tigt, wenn alle im Anmeldeformular geforderten Informationen korrekt angegeben werden und die Zahlung von der Organisation durchgef\u00fchrt, best\u00e4tigt und akzeptiert wurde.<\/p>\n<h5><b>Anmeldegeb\u00fchren f\u00fcr den nicht wettbewerbsorientierten Lauf<\/b><\/h5>\n<p><b>Die Anmeldung kostet:<\/b><\/p>\n<ul>\n<li>14 Euro f\u00fcr die ersten 150 Anmeldungen<\/li>\n<li>16 Euro von der 151. bis zur 300. Anmeldung<\/li>\n<li>18 Euro von der 301. bis zur 500. Anmeldung<\/li>\n<li>22 Euro von der 501. bis zur 700. Anmeldung<\/li>\n<li>26 Euro von der 701. bis zur 1200. Anmeldung<\/li>\n<\/ul>\n<p><br><\/p>\n<ul>\n<\/ul>\n<p><b>Die Anmeldegeb\u00fchr beinhaltet:<\/b><\/p>\n<ul>\n<li>Startnummer;<\/li>\n<li>Goodie Bag mit T-Shirt;<\/li>\n<li>Zeitmessung;<\/li>\n<li>Haftpflichtversicherung mit Unfallschutz f\u00fcr das Rennen;<\/li>\n<li>Medizinisch-sanit\u00e4tsdienstlicher Plan;<\/li>\n<li>Eventuelle R\u00fccktransporte im Falle eines Unfalls;<\/li>\n<li>Organisatorische und Betreuungsleistungen, die in diesem Reglement beschrieben sind;<\/li>\n<li>Verpflegung w\u00e4hrend und nach dem Wettkampf;<\/li>\n<li>Medaille f\u00fcr alle Athleten, die das Ziel erreichen.<\/li><\/ul><br><ul>\n<\/ul>\n<p><b style=\"color: rgb(39, 39, 42); font-family: \"Roboto Condensed\", sans-serif; font-size: 21px; letter-spacing: -0.5px; text-transform: uppercase;\">R\u00fcckerstattung der Anmeldegeb\u00fchren<\/b><\/p>\n<p>In keinem Fall ist eine R\u00fcckerstattung der Anmeldegeb\u00fchr vorgesehen.<\/p>\n<p>Es ist m\u00f6glich, die eigene Startnummer, die bereits gekauft wurde, bis sp\u00e4testens 30.01.2026 abzutreten.<\/p>\n<p>In diesem Fall muss der eintretende Teilnehmer die Bearbeitungsgeb\u00fchren und die Differenz zwischen der vom Zedenten gezahlten Geb\u00fchr und der zum Zeitpunkt des \u00c4nderungsantrags geltenden Geb\u00fchr entrichten.<\/p>\n<p>Es ist auch m\u00f6glich, die Anmeldung auf 2027 zu verschieben, indem die Bearbeitungsgeb\u00fchren bis sp\u00e4testens 30.01.2026 entrichtet werden.<\/p>\n<p><b>Die Kosten f\u00fcr die Bearbeitungsgeb\u00fchren betragen 5 Euro.<\/b><\/p>\n<h5><b>Abholung der Startnummer<\/b><\/h5>\n<p>Die Startnummer kann gegen Vorlage eines Ausweisdokuments mit Foto bei der Dogana Veneta in Piazzetta Partenio, 13 in Lazise abgeholt werden:<\/p>\n<ul>\n<li><b>Samstag, 07. Februar von 15:30 bis 19:30 Uhr <\/b><\/li>\n<li><b>Sonntag, 08. Februar von 7:00 bis 09:00 Uhr<\/b><\/li><\/ul><b><br><\/b>\n<ul>\n<\/ul>\n<p><span style=\"color: rgb(39, 39, 42); font-family: \"Roboto Condensed\", sans-serif; font-size: 21px; font-weight: 700; letter-spacing: -0.5px; text-transform: uppercase;\">Dienstleistungen<\/span><\/p>\n<p><b>ES IST EIN SERVICE ZUR ABHOLUNG UND ZUR\u00dcCKGABE VON PERS\u00d6NLICHEN GEGENST\u00c4NDEN VORGESEHEN&nbsp;<\/b><\/p>\n<p>Gep\u00e4ckaufbewahrung in der N\u00e4he des Start-\/Zielbereichs, am Sonntagmorgen bis 9:15 Uhr.&nbsp;<\/p>\n<p><b>UMKLEIDEN UND DUSCHEN SIND VORGESEHEN.&nbsp;<\/b><\/p>\n<p>Umkleidekabine f\u00fcr den Lauf in der N\u00e4he des Start-\/Zielbereichs, ab 8:00 Uhr.&nbsp;<\/p>\n<p>Duschservice in der Turnhalle in der Via Salvo D&#8217;Acquisto ab 10:30 Uhr.&nbsp;<\/p>\n<p><span style=\"color: rgb(39, 39, 42); font-family: \"Roboto Condensed\", sans-serif; font-size: 21px; font-weight: 700; letter-spacing: -0.5px; text-transform: uppercase;\">Erfrischungen<\/span><\/p>\n<p>Erfrischungen auf der Strecke: Kurz vor dem 5. km wird es eine Erfrischungsstelle auf der Strecke geben.&nbsp;<\/p>\n<p>Erfrischung am Ende: Nach dem Zieleinlauf gibt es eine f\u00fcr alle Teilnehmer offene Erfrischungsstelle&nbsp;<\/p>\n<h5>SICHERHEIT UND \u00c4RZTLICHE VERSORGUNG<\/h5>\n<p>Sicherheit und medizinische Versorgung werden durch die auf der Strecke verteilten Freiwilligen der Organisation, durch medizinisches Personal (\u00c4rzte, Freiwillige des Katastrophenschutzes) usw. gew\u00e4hrleistet. Das medizinische Personal, der Katastrophenschutz und die Kommunikationsmittel haben ihren operativen St\u00fctzpunkt (Start-\/Zielbereich). Dar\u00fcber hinaus bewegen sich Rettungsfahrzeuge bei Bedarf entlang der Strecke in den f\u00fcr die Fahrzeuge der Organisation zug\u00e4nglichen Bereichen. Das medizinische Personal und die Freiwilligen des Katastrophenschutzes sind organisiert, um Menschen in Not zu helfen, entweder mit eigenen Mitteln oder \u00fcber Partnerorganisationen. Die Rettungsfahrzeuge und Kontrollstellen sind mit Funkger\u00e4ten ausgestattet, die in st\u00e4ndigem Kontakt mit der Logistikbasis des Rennens im Zielbereich auf dem Platz stehen. Jeder Athlet muss das Rennen sofort abbrechen, wenn er vom medizinischen Delegierten dazu aufgefordert wird.    <\/p>\n<h5>VERSICHERUNG<\/h5>\n<p>Die Organisation schlie\u00dft f\u00fcr die gesamte Dauer des Wettbewerbs eine Haftpflichtversicherung ab. Die Teilnahme am Wettbewerb erfolgt jedoch unter der vollen Verantwortung der Teilnehmer, die mit ihrer Anmeldung auf jegliche Anspr\u00fcche gegen die Organisatoren im Falle von Sch\u00e4den und weiteren Folgen verzichten, die ihnen infolge des Rennens entstehen k\u00f6nnen. Mit der Anmeldung zum Rennen erkl\u00e4rt der Teilnehmer, die Bedingungen der von der Organisation mit der Compagnia UNIPOLSAI Assicurazioni abgeschlossenen Haftpflichtversicherung zu kennen und zu akzeptieren (die Versicherungsbedingungen sind auf einfache Anfrage erh\u00e4ltlich) und erkl\u00e4rt, die von der Versicherung selbst genannten H\u00f6chstbetr\u00e4ge zu akzeptieren.  <\/p>\n<h5>HAFTUNGSAUSSCHLUSS \u2013 Anerkennung der Bestimmungen<\/h5>\n<p>Mit der Anmeldung erkl\u00e4rt der Teilnehmer, die Bestimmungen des \u201eLazise Love Run\u201c, die auf der Website www.laziseloverun.it ver\u00f6ffentlicht sind, in vollem Umfang zu kennen und zu akzeptieren.<\/p>\n<p>Er erkl\u00e4rt au\u00dferdem unter seiner ausdr\u00fccklichen Verantwortung, ein angemessenes Training absolviert zu haben und sich den von den geltenden Vorschriften D.M. 18\/02\/82 und 28\/02\/83 vorgesehenen \u00e4rztlichen Untersuchungen unterzogen zu haben, und entbindet die Organisatoren somit von jeglicher zivil- und strafrechtlichen Verantwortung.<\/p>\n<h5>BILDRECHTE<\/h5>\n<p>Mit der Anmeldung zur Veranstaltung genehmigt der Athlet den Organisatoren zusammen mit den Partnern und Medienpartnern ausdr\u00fccklich und kostenlos das Recht, die w\u00e4hrend seiner Teilnahme am \u201eLazise Love Run\u201c eventuell aufgenommenen Stand- oder Bewegtbilder auf allen visuellen Medien sowie auf Werbe- und\/oder Werbematerialien weltweit und f\u00fcr die maximale Dauer, die durch die geltenden Gesetze, Verordnungen und Vertr\u00e4ge vorgesehen ist, einschlie\u00dflich einer eventuellen Verl\u00e4ngerung des vorgesehenen Zeitraums, zu nutzen.<\/p>\n<p><b>Verantwortung der Organisatoren<\/b><\/p>\n<p>Die Organisation \u00fcbernimmt, obwohl sie alle Garantien in Bezug auf die Strecke in Anspruch nimmt, keine Haftung f\u00fcr eventuelle Unf\u00e4lle oder Sch\u00e4den. Jeder Athlet wird gebeten, selbst f\u00fcr sich zu sorgen. Jegliche zivil- und strafrechtliche Verantwortung f\u00fcr unvorhersehbare Ereignisse wird abgelehnt.  <\/p>\n<h5>SCHLUSSBEMERKUNGEN<\/h5>\n<p>Das Organisationskomitee beh\u00e4lt sich das Recht vor, diese Bestimmungen jederzeit aus Gr\u00fcnden zu \u00e4ndern, die es f\u00fcr eine bessere Organisation des Rennens f\u00fcr angemessen h\u00e4lt, nachdem es dies mitgeteilt und die Genehmigung der FIDAL erhalten hat. F\u00fcr alles, was in diesen Bestimmungen nicht vorgesehen ist, gelten die technischen und satzungsgem\u00e4\u00dfen Bestimmungen der FIDAL und des G.G.G.. Eventuelle \u00c4nderungen an Dienstleistungen, Orten und Zeiten werden den angemeldeten Athleten rechtzeitig mitgeteilt oder auf der Website www.laziseloverun.it ver\u00f6ffentlicht. Dar\u00fcber hinaus wird die Dokumentation mit den wesentlichen Informationen f\u00fcr die Teilnahme am Rennen von der Organisation zusammen mit der Startnummer ausgeh\u00e4ndigt.   <\/p>\n<h5>INFORMATIONEN UND KONTAKTE<\/h5>\n<p>Website: www.laziseloverun.it<\/p>\n<p>E-Mail: info@laziseloverun.it<\/p>\n<p>Informationen +39 333 88 42 788<\/p>\n<p>Veranstaltungsleiter: Claudio Arduini 328-4503583 claudio@veronamarathonteam.it<\/p>\n<p>Renndirektor: Claudio Arduini<\/p>\n<p>Technischer Delegierter: Enzo Pierobon<\/p>\t\t\t\t\t\t\t\t<\/div>\n\t\t\t\t<\/div>\n\t\t\t\t\t<\/div>\n\t\t\t\t<\/div>\n\t\t\t\t<\/div>\n\t\t","protected":false},"excerpt":{"rendered":"<p>Bestimmungen f\u00fcr den nicht wettbewerbsorientierten Lauf Bevor du am Lazise Love Run teilnimmst, lies bitte die offiziellen Wettkampfbestimmungen sorgf\u00e4ltig durch. Dort findest du alle wichtigen Informationen zum Lauf. BESTIMMUNGEN UND INFORMATIONEN VRM TEAM ASD organisiert in Zusammenarbeit mit der Gemeinde Lazise die II. Ausgabe des LAZISE LOVE RUN, ein nicht wettbewerbsorientierter Lauf unter der Schirmherrschaft [&hellip;]<\/p>\n","protected":false},"author":2,"featured_media":0,"parent":3003,"menu_order":0,"comment_status":"closed","ping_status":"closed","template":"","meta":{"_acf_changed":false,"inline_featured_image":false,"footnotes":""},"class_list":["post-3007","page","type-page","status-publish","hentry"],"acf":[],"_links":{"self":[{"href":"https:\/\/www.laziseloverun.it\/de\/wp-json\/wp\/v2\/pages\/3007","targetHints":{"allow":["GET"]}}],"collection":[{"href":"https:\/\/www.laziseloverun.it\/de\/wp-json\/wp\/v2\/pages"}],"about":[{"href":"https:\/\/www.laziseloverun.it\/de\/wp-json\/wp\/v2\/types\/page"}],"author":[{"embeddable":true,"href":"https:\/\/www.laziseloverun.it\/de\/wp-json\/wp\/v2\/users\/2"}],"replies":[{"embeddable":true,"href":"https:\/\/www.laziseloverun.it\/de\/wp-json\/wp\/v2\/comments?post=3007"}],"version-history":[{"count":1,"href":"https:\/\/www.laziseloverun.it\/de\/wp-json\/wp\/v2\/pages\/3007\/revisions"}],"predecessor-version":[{"id":3008,"href":"https:\/\/www.laziseloverun.it\/de\/wp-json\/wp\/v2\/pages\/3007\/revisions\/3008"}],"up":[{"embeddable":true,"href":"https:\/\/www.laziseloverun.it\/de\/wp-json\/wp\/v2\/pages\/3003"}],"wp:attachment":[{"href":"https:\/\/www.laziseloverun.it\/de\/wp-json\/wp\/v2\/media?parent=3007"}],"curies":[{"name":"wp","href":"https:\/\/api.w.org\/{rel}","templated":true}]}}