{"id":3003,"date":"2024-11-05T10:44:21","date_gmt":"2024-11-05T10:44:21","guid":{"rendered":"https:\/\/www.laziseloverun.it\/bestimmungen\/"},"modified":"2026-01-13T22:48:50","modified_gmt":"2026-01-13T22:48:50","slug":"bestimmungen","status":"publish","type":"page","link":"https:\/\/www.laziseloverun.it\/de\/bestimmungen\/","title":{"rendered":"Bestimmungen"},"content":{"rendered":"\t\t<div data-elementor-type=\"wp-page\" data-elementor-id=\"3003\" class=\"elementor elementor-3003 elementor-1226\" data-elementor-post-type=\"page\">\n\t\t\t\t<div data-dce-background-image-url=\"https:\/\/www.laziseloverun.it\/wp-content\/uploads\/2025\/12\/2.jpg\" class=\"elementor-element elementor-element-620cee5 e-flex e-con-boxed e-con e-parent\" data-id=\"620cee5\" data-element_type=\"container\" data-e-type=\"container\" data-settings=\"{&quot;background_background&quot;:&quot;classic&quot;}\">\n\t\t\t\t\t<div class=\"e-con-inner\">\n\t\t<div class=\"elementor-element elementor-element-8dcd966 e-flex e-con-boxed e-con e-child\" data-id=\"8dcd966\" data-element_type=\"container\" data-e-type=\"container\">\n\t\t\t\t\t<div class=\"e-con-inner\">\n\t\t<div class=\"elementor-element elementor-element-e9975c0 e-con-full e-flex e-con e-child\" data-id=\"e9975c0\" data-element_type=\"container\" data-e-type=\"container\">\n\t\t\t\t<\/div>\n\t\t\t\t\t<\/div>\n\t\t\t\t<\/div>\n\t\t\t\t\t<\/div>\n\t\t\t\t<\/div>\n\t\t<div class=\"elementor-element elementor-element-8d0be26 e-flex e-con-boxed e-con e-parent\" data-id=\"8d0be26\" data-element_type=\"container\" data-e-type=\"container\">\n\t\t\t\t\t<div class=\"e-con-inner\">\n\t\t<div class=\"elementor-element elementor-element-a547069 e-con-full e-flex e-con e-child\" data-id=\"a547069\" data-element_type=\"container\" data-e-type=\"container\">\n\t\t<div class=\"elementor-element elementor-element-b2ccf33 e-flex e-con-boxed e-con e-child\" data-id=\"b2ccf33\" data-element_type=\"container\" data-e-type=\"container\">\n\t\t\t\t\t<div class=\"e-con-inner\">\n\t\t\t\t<div class=\"elementor-element elementor-element-2fbc907 elementor-widget elementor-widget-heading\" data-id=\"2fbc907\" data-element_type=\"widget\" data-e-type=\"widget\" data-widget_type=\"heading.default\">\n\t\t\t\t<div class=\"elementor-widget-container\">\n\t\t\t\t\t<h2 class=\"elementor-heading-title elementor-size-default\">Bestimmungen f\u00fcr den Wettkampflauf<\/h2>\t\t\t\t<\/div>\n\t\t\t\t<\/div>\n\t\t\t\t<div class=\"elementor-element elementor-element-4c476fa elementor-widget__width-auto elementor-widget elementor-widget-text-editor\" data-id=\"4c476fa\" data-element_type=\"widget\" data-e-type=\"widget\" data-widget_type=\"text-editor.default\">\n\t\t\t\t<div class=\"elementor-widget-container\">\n\t\t\t\t\t\t\t\t\t<p>Bevor du am <strong>Lazise Love Run<\/strong> teilnimmst, lies bitte die offiziellen Wettkampfbestimmungen sorgf\u00e4ltig durch. Dort findest du alle wichtigen Informationen zum Lauf. <\/p>\t\t\t\t\t\t\t\t<\/div>\n\t\t\t\t<\/div>\n\t\t\t\t\t<\/div>\n\t\t\t\t<\/div>\n\t\t\t\t<\/div>\n\t\t\t\t\t<\/div>\n\t\t\t\t<\/div>\n\t\t<div class=\"elementor-element elementor-element-79447c2 e-flex e-con-boxed e-con e-parent\" data-id=\"79447c2\" data-element_type=\"container\" data-e-type=\"container\">\n\t\t\t\t\t<div class=\"e-con-inner\">\n\t\t\t\t<div class=\"elementor-element elementor-element-53571f1 elementor-widget elementor-widget-text-editor\" data-id=\"53571f1\" data-element_type=\"widget\" data-e-type=\"widget\" data-widget_type=\"text-editor.default\">\n\t\t\t\t<div class=\"elementor-widget-container\">\n\t\t\t\t\t\t\t\t\t<h5><b>BESTIMMUNGEN UND INFORMATIONEN<\/b><\/h5>\n<p><b>VRM TEAM ASD<\/b> (VR851) organisiert in Zusammenarbeit mit und unter der Schirmherrschaft der <b>GEMEINDE LAZISE<\/b> und mit den Vereinen der Gemeinde Lazise sowie mit Genehmigung der <b>FIDAL<\/b> die 2. Ausgabe des LAZISE LOVE RUN, eines Stra\u00dfenlaufs (Kategorie \u201eA\u201c) \u00fcber eine Distanz von 10,00 km (gemessen), der in den nationalen Fidal-Kalender der Kategorie Bronze aufgenommen wurde. Die Veranstaltung steht den m\u00e4nnlichen und weiblichen Fidal-Kategorien offen, Sch\u00fcler-Junioren-Nachwuchs-Senioren-Master, Inhabern der Runcard Fidal \u2013 Runcard EPS und Athleten, die f\u00fcr die von World Athletics anerkannten ausl\u00e4ndischen Verb\u00e4nde gemeldet sind. Das Rennen z\u00e4hlt zum Circuit von <b>Verona con la Corsa 2026<\/b> (www.veronaconlacorsa.it).  <\/p>\n<h5><b>ZEITPLAN<\/b><\/h5>\n<p>Die Veranstaltung findet am Sonntag, den 08. Februar 2026 statt.<\/p>\n<p><b>Treffpunkt:<\/b> ab 07:00 Uhr Dogana Veneta in Lazise (VR)<\/p>\n<p><b>Start:<\/b> 09:30 Uhr Piazza Vittorio Emanuele Lazise (VR)<\/p>\n<p>Preisverleihung: 11:30 Uhr Dogana Veneta Lazise (VR)<\/p>\n<p><b>DIE ZEITLIMIT IST AUF 1H45\u2019 FESTGELEGT.<\/b><\/p>\n<p>Nach dieser Zeit ist die Organisation nicht mehr in der Lage, die Betreuung auf der Strecke und die Verpflegung zu gew\u00e4hrleisten; wer sich dann noch auf der Wettkampfstrecke befindet, ist verpflichtet, die Stra\u00dfenverkehrsordnung einzuhalten.<\/p>\n<h5><b>STRECKENMERKMALE<\/b><\/h5>\n<p>Der Wettkampf f\u00fcr M\u00e4nner und Frauen findet auf einer Distanz von <b>10 km<\/b> zertifiziert Klasse \u201eA\u201c FIDAL statt.<\/p>\n<p>Die Strecke verl\u00e4uft auf Landstra\u00dfen, Stadtstra\u00dfen und durch das historische Zentrum von Lazise (VR).<\/p>\n<h5><b>TEILNAHMEVORAUSSETZUNGEN<\/b><\/h5>\n<p>Gem\u00e4\u00df den \u201eBestimmungen f\u00fcr die Organisation von Stra\u00dfenveranstaltungen\u201c, die von der FIDAL erlassen wurden, k\u00f6nnen Athleten teilnehmen, die f\u00fcr Vereine angemeldet sind, beschr\u00e4nkt auf Personen ab 16 Jahren (Geburtsjahr, also ab der Kategorie Sch\u00fcler\/innen) die eine der folgenden Voraussetzungen erf\u00fcllen:<\/p>\n<ul>\n<li><b>Athleten, die f\u00fcr 2026 f\u00fcr der FIDAL angeschlossene Vereine gemeldet sind<\/b>, die ordnungsgem\u00e4\u00df gemeldet sind und \u00fcber eine \u00e4rztliche Bescheinigung im Online-System der FIDAL verf\u00fcgen.<\/li>\n<li><b>Italienische und ausl\u00e4ndische Athleten mit Runcard<\/b> (g\u00fcltig als Sportversicherung und Wettkampferlaubnis) und Athleten, die f\u00fcr eine Sportf\u00f6rderungsorganisation (Sektion Leichtathletik) gemeldet sind, mit Runcard-EPS, beschr\u00e4nkt auf Personen ab 20 Jahren mit einem g\u00fcltigen sport\u00e4rztlichen Attest f\u00fcr die Leichtathletik, das obligatorisch, auch digital, an die organisierenden Vereine \u00fcbergeben werden muss.<\/li>\n<li><b>Italienische und ausl\u00e4ndische Athleten mit einer Mitgliedskarte von Vereinen, die ausl\u00e4ndischen Leichtathletikverb\u00e4nden angeh\u00f6ren, die von der WA anerkannt sind und f\u00fcr 2026 g\u00fcltig sind<\/b>. Zum Zeitpunkt der Anmeldung m\u00fcssen sie alternativ Folgendes vorlegen: die Eigenerkl\u00e4rung \u00fcber den Besitz der von der WA anerkannten Karte. Die Eigenerkl\u00e4rung muss dann jedoch zum Zeitpunkt der Abholung der Startnummer im Original unterschrieben werden.  <\/li>\n<\/ul>\n<p><br><\/p>\n<ul>\n<\/ul>\n<p>Der \u201e2. Lazise Rove Run\u201c wird sich avaibooksports.com und eventistica srl zur Kontrolle der Fidal-Datenbank f\u00fcr die \u00dcberpr\u00fcfung der Mitgliedschaften bedienen.<\/p>\n<p>Hinweis:<\/p>\n<ul>\n<li>Eine eventuelle Teilnahme von sehbehinderten Athleten (die ordnungsgem\u00e4\u00df bei Fispes gemeldet sind) muss der Organisation unbedingt gemeldet werden;<\/li>\n<li>Die Verwendung von St\u00f6cken f\u00fcr Nordic Walking oder \u00e4hnliches ist nicht gestattet;<\/li>\n<li>Es ist nicht m\u00f6glich, Tiere jeglicher Art mitzubringen;<\/li>\n<li>Die Benutzung von Fahrr\u00e4dern und eigenen Mitteln auf der Strecke im Gefolge der Athleten, die Teilnahme ohne Startnummer und offiziellen Chip der Veranstaltung ist strengstens untersagt.<\/li>\n<\/ul>\n<p><br><\/p>\n<ul>\n<\/ul>\n<h5><b>Anmeldeverfahren<\/b><\/h5>\n<p>Die Anmeldungen sind bis zum 06. Februar 2026 oder bis zum Erreichen von 1.200 Anmeldungen ge\u00f6ffnet und k\u00f6nnen online \u00fcber die Website avaibooksports.com unter dem Link <a href=\"https:\/\/www.avaibooksports.com\/inscripcion\/lazise-love-run-2026\/\">https:\/\/www.avaibooksports.com\/inscripcion\/lazise-love-run-2026\/<\/a> erfolgen.<\/p>\n<p>Die Anmeldung gilt als wirksam und best\u00e4tigt, wenn alle im Anmeldeformular geforderten Informationen korrekt angegeben werden und die Zahlung von der Organisation durchgef\u00fchrt, best\u00e4tigt und akzeptiert wurde.<\/p>\n<h5><b>Anmeldegeb\u00fchren f\u00fcr den Wettkampflauf<\/b><\/h5>\n<p><b>Die Anmeldung kostet:<\/b><\/p>\n<ul>\n<li>16 Euro f\u00fcr die ersten 150 Anmeldungen<\/li>\n<li>18 Euro von der 151. bis zur 300. Anmeldung<\/li>\n<li>20 Euro von der 301. bis zur 500. Anmeldung<\/li>\n<li>24 Euro von der 501. bis zur 700. Anmeldung<\/li>\n<li>28 Euro von der 701. bis zur 1200. Anmeldung<\/li><\/ul><br><ul>\n<\/ul>\n<p><b>Die Anmeldegeb\u00fchr beinhaltet:<\/b><\/p>\n<ul>\n<li>Startnummer;<\/li>\n<li>Goodie Bag mit T-Shirt;<\/li>\n<li>Zeitmessung;<\/li>\n<li>Haftpflichtversicherung mit Unfallschutz f\u00fcr das Rennen;<\/li>\n<li>Medizinisch-sanit\u00e4tsdienstlicher Plan;<\/li>\n<li>Eventuelle R\u00fccktransporte im Falle eines Unfalls;<\/li>\n<li>Organisatorische und Betreuungsleistungen, die in diesem Reglement beschrieben sind;<\/li>\n<li>Verpflegung w\u00e4hrend und nach dem Wettkampf;<\/li>\n<li>Medaille f\u00fcr alle Athleten, die das Ziel erreichen.<\/li><\/ul><br><ul>\n<\/ul>\n<h5><b>R\u00fcckerstattung der Anmeldegeb\u00fchren<\/b><\/h5>\n<p>In keinem Fall ist eine R\u00fcckerstattung der Anmeldegeb\u00fchr vorgesehen.<\/p>\n<p>Es ist m\u00f6glich, die eigene Startnummer, die bereits gekauft wurde, bis sp\u00e4testens 30.01.2026 abzutreten.<\/p>\n<p>In diesem Fall muss der eintretende Teilnehmer die Bearbeitungsgeb\u00fchren und die Differenz zwischen der vom Zedenten gezahlten Geb\u00fchr und der zum Zeitpunkt des \u00c4nderungsantrags geltenden Geb\u00fchr entrichten.<\/p>\n<p>Es ist auch m\u00f6glich, die Anmeldung auf 2027 zu verschieben, indem die Bearbeitungsgeb\u00fchren bis sp\u00e4testens 30.01.2026 entrichtet werden.<\/p>\n<p><b>Die Kosten f\u00fcr die Bearbeitungsgeb\u00fchren betragen 5 Euro.<\/b><\/p>\n<h5><b>Abholung der Startnummer<\/b><\/h5>\n<p>Die Startnummer kann gegen Vorlage eines Ausweisdokuments mit Foto bei der Dogana Veneta in Piazzetta Partenio, 13 in Lazise abgeholt werden:<\/p>\n<ul>\n<li><b>Samstag, 07. Februar von 15:30 bis 19:30 Uhr <\/b><\/li>\n<li><b>Sonntag, 08. Februar von 7:00 bis 09:00 Uhr<\/b><\/li><\/ul><b><br><\/b><ul>\n<\/ul>\n<p><span style=\"color: rgb(39, 39, 42); font-family: \"Roboto Condensed\", sans-serif; font-weight: 700; letter-spacing: -0.5px; text-transform: uppercase;\">REIHENFOLGE DES ZIELEINLAUFS<\/span><\/p>\n<p>Die Reihenfolge des Zieleinlaufs wird, wie in Regel 19.24 vorgesehen, mit Hilfe von Transpondern ermittelt. F\u00fcr jeden Athleten wird die offizielle Zeit vom Startschuss bis zum Ziel erfasst. Die vom System erfasste eventuelle \u201eReal Time\u201c wird nicht homologiert und hat keine G\u00fcltigkeit f\u00fcr die Erstellung von Bundesranglisten.  <\/p>\n<h5>ZEITNAHME UND KLASSIFIZIERUNGEN<\/h5>\n<p>Die mit der Zeitnahme beauftragte Firma ist EVENTISTICA srl, alle Teilnehmer werden mit einem Chip ausgestattet, der an der pers\u00f6nlichen Startnummer angebracht ist.<\/p>\n<p>Die Erstellung der Ranglisten erfolgt durch EVENTISTICA srl und ist auf der Website einsehbar: <a href=\"https:\/\/my.raceresult.com\">https:\/\/my.raceresult.com<\/a><\/p>\n<p>Diese werden vom Technischen Delegierten\/Berufungsrichter validiert.<\/p>\n<h5>PREISE<\/h5>\n<p>Die ersten 10 der Gesamtwertung M\u00e4nner und Frauen werden ausgezeichnet, die ersten 3 der folgenden Gruppierungen der Master-Kategorien werden ausgezeichnet:<\/p>\n<p><b>M\u00e4nnerkategorien<\/b><\/p>\n<ul>\n<li>M1 geboren zwischen 1992 und 2008<\/li>\n<li>M2 geboren zwischen 1987 und 1991<\/li>\n<li>M3 geboren zwischen 1982 und 1986<\/li>\n<li>M4 geboren zwischen 1977 und 1981<\/li>\n<li>M5 geboren zwischen 1972 und 1976<\/li>\n<li>M6 geboren zwischen 1967 und 1971<\/li>\n<li>M7 geboren zwischen 1962 und 1966<\/li>\n<li>M8 geboren 1961 und fr\u00fcher<\/li><\/ul><br><ul>\n<\/ul>\n<p><b>Frauenkategorien<\/b><\/p>\n<ul>\n<li>F1 geboren zwischen 1990 und 2006<\/li>\n<li>F2 geboren zwischen 1980 und 1989<\/li>\n<li>F3 geboren zwischen 1970 und 1979<\/li>\n<li>F4 geboren 1969 und fr\u00fcher<\/li><\/ul><br><ul>\n<\/ul>\n<p><b>Au\u00dferdem werden folgende Personen ausgezeichnet:<\/b><\/p>\n<ul>\n<li>Kategorie AM (16\/17): der Erstplatzierte;<\/li>\n<li>Kategorie JM (18\/19): der Erstplatzierte;<\/li>\n<li>Kategorie PM (20\/22): der Erstplatzierte;<\/li>\n<li>Kategorie AF (16\/17): die Erstplatzierte;<\/li>\n<li>Kategorie JF (18\/19): die Erstplatzierte;<\/li>\n<li>Kategorie PF (20\/22): die Erstplatzierte.<\/li><\/ul><br><ul>\n<\/ul>\n<h5>BESCHWERDEN UND DISZIPLINARISCHE MASSNAHMEN<\/h5>\n<p>Eventuelle Beschwerden m\u00fcssen unter Einhaltung der FIDAL-Bestimmungen und des R.T.I. zun\u00e4chst beim 1. Zielrichter eingereicht werden. In zweiter Instanz muss die Beschwerde schriftlich erfolgen und innerhalb von 30 Minuten nach Ver\u00f6ffentlichung der Ranglisten zusammen mit der Beschwerdegeb\u00fchr von 100,00 \u20ac beim Berufungsrichter der Veranstaltung eingereicht werden. Die Beschwerdegeb\u00fchr wird zur\u00fcckerstattet, wenn die Beschwerde stattgegeben wird.  <\/p>\n<p>Die Teilnahme mit der Startnummer eines anderen Athleten, die Abtretung der Startnummer an andere oder ein anderes schwerwiegendes Ereignis, das von der Wettkampfjury festgestellt wird, f\u00fchrt zum Ausschluss aus der Rangliste und zur Disqualifikation von der Veranstaltung sowie zu m\u00f6glichen weiteren Sanktionen. F\u00fcr alles, was in diesen Bestimmungen nicht vorgesehen ist, gelten die spezifischen FIDAL-Bestimmungen und die geltenden Gesetze. <\/p>\n<h5>SICHERHEIT UND \u00c4RZTLICHE VERSORGUNG<\/h5>\n<p>Sicherheit und medizinische Versorgung werden durch die auf der Strecke verteilten Freiwilligen der Organisation, durch medizinisches Personal (\u00c4rzte, Freiwillige des Katastrophenschutzes) usw. gew\u00e4hrleistet. Das medizinische Personal, der Katastrophenschutz und die Kommunikationsmittel haben ihren operativen St\u00fctzpunkt (Start-\/Zielbereich). Dar\u00fcber hinaus bewegen sich Rettungsfahrzeuge bei Bedarf entlang der Strecke in den f\u00fcr die Fahrzeuge der Organisation zug\u00e4nglichen Bereichen. Das medizinische Personal und die Freiwilligen des Katastrophenschutzes sind organisiert, um Menschen in Not zu helfen, entweder mit eigenen Mitteln oder \u00fcber Partnerorganisationen. Die Rettungsfahrzeuge und Kontrollstellen sind mit Funkger\u00e4ten ausgestattet, die in st\u00e4ndigem Kontakt mit der Logistikbasis des Rennens im Zielbereich auf dem Platz stehen. Jeder Athlet muss das Rennen sofort abbrechen, wenn er vom medizinischen Delegierten dazu aufgefordert wird.    <\/p>\n<h5>VERSICHERUNG<\/h5>\n<p>Die Organisation schlie\u00dft f\u00fcr die gesamte Dauer des Wettbewerbs eine Haftpflichtversicherung ab. Die Teilnahme am Wettbewerb erfolgt jedoch unter der vollen Verantwortung der Teilnehmer, die mit ihrer Anmeldung auf jegliche Anspr\u00fcche gegen die Organisatoren im Falle von Sch\u00e4den und weiteren Folgen verzichten, die ihnen infolge des Rennens entstehen k\u00f6nnen. Mit der Anmeldung zum Rennen erkl\u00e4rt der Teilnehmer, die Bedingungen der von der Organisation mit der Compagnia UNIPOLSAI Assicurazioni abgeschlossenen Haftpflichtversicherung zu kennen und zu akzeptieren (die Versicherungsbedingungen sind auf einfache Anfrage erh\u00e4ltlich) und erkl\u00e4rt, die von der Versicherung selbst genannten H\u00f6chstbetr\u00e4ge zu akzeptieren.  <\/p>\n<h5>HAFTUNGSAUSSCHLUSS \u2013 Anerkennung der Bestimmungen<\/h5>\n<p>Mit der Anmeldung erkl\u00e4rt der Teilnehmer, die Bestimmungen des \u201eLazise Love Run\u201c, die auf der Website www.laziseloverun.it ver\u00f6ffentlicht sind, in vollem Umfang zu kennen und zu akzeptieren.<\/p>\n<p>Er erkl\u00e4rt au\u00dferdem unter seiner ausdr\u00fccklichen Verantwortung, ein angemessenes Training absolviert zu haben und sich den von den geltenden Vorschriften D.M. 18\/02\/82 und 28\/02\/83 vorgesehenen \u00e4rztlichen Untersuchungen unterzogen zu haben, und entbindet die Organisatoren somit von jeglicher zivil- und strafrechtlichen Verantwortung.<\/p>\n<h5>BILDRECHTE<\/h5>\n<p>Mit der Anmeldung zur Veranstaltung genehmigt der Athlet den Organisatoren zusammen mit den Partnern und Medienpartnern ausdr\u00fccklich und kostenlos das Recht, die w\u00e4hrend seiner Teilnahme am \u201eLazise Love Run\u201c eventuell aufgenommenen Stand- oder Bewegtbilder auf allen visuellen Medien sowie auf Werbe- und\/oder Werbematerialien weltweit und f\u00fcr die maximale Dauer, die durch die geltenden Gesetze, Verordnungen und Vertr\u00e4ge vorgesehen ist, einschlie\u00dflich einer eventuellen Verl\u00e4ngerung des vorgesehenen Zeitraums, zu nutzen.<\/p>\n<p><b>Verantwortung der Organisatoren<\/b><\/p>\n<p>Die Organisation \u00fcbernimmt, obwohl sie alle Garantien in Bezug auf die Strecke in Anspruch nimmt, keine Haftung f\u00fcr eventuelle Unf\u00e4lle oder Sch\u00e4den. Jeder Athlet wird gebeten, selbst f\u00fcr sich zu sorgen. Jegliche zivil- und strafrechtliche Verantwortung f\u00fcr unvorhersehbare Ereignisse wird abgelehnt.  <\/p>\n<h5>SCHLUSSBEMERKUNGEN<\/h5>\n<p>Das Organisationskomitee beh\u00e4lt sich das Recht vor, diese Bestimmungen jederzeit aus Gr\u00fcnden zu \u00e4ndern, die es f\u00fcr eine bessere Organisation des Rennens f\u00fcr angemessen h\u00e4lt, nachdem es dies mitgeteilt und die Genehmigung der FIDAL erhalten hat. F\u00fcr alles, was in diesen Bestimmungen nicht vorgesehen ist, gelten die technischen und satzungsgem\u00e4\u00dfen Bestimmungen der FIDAL und des G.G.G.. Eventuelle \u00c4nderungen an Dienstleistungen, Orten und Zeiten werden den angemeldeten Athleten rechtzeitig mitgeteilt oder auf der Website www.laziseloverun.it ver\u00f6ffentlicht. Dar\u00fcber hinaus wird die Dokumentation mit den wesentlichen Informationen f\u00fcr die Teilnahme am Rennen von der Organisation zusammen mit der Startnummer ausgeh\u00e4ndigt.   <\/p>\n<h5>INFORMATIONEN UND KONTAKTE<\/h5>\n<p>Website: www.laziseloverun.it<\/p>\n<p>E-Mail: info@laziseloverun.it<\/p>\n<p>Informationen +39 333 88 42 788<\/p>\n<p>Veranstaltungsleiter: Claudio Arduini 328-4503583 claudio@veronamarathonteam.it<\/p>\n<p>Renndirektor: Claudio Arduini<\/p>\n<p>Technischer Delegierter: Enzo Pierobon<\/p>\t\t\t\t\t\t\t\t<\/div>\n\t\t\t\t<\/div>\n\t\t\t\t\t<\/div>\n\t\t\t\t<\/div>\n\t\t\t\t<\/div>\n\t\t","protected":false},"excerpt":{"rendered":"<p>Bestimmungen f\u00fcr den Wettkampflauf Bevor du am Lazise Love Run teilnimmst, lies bitte die offiziellen Wettkampfbestimmungen sorgf\u00e4ltig durch. Dort findest du alle wichtigen Informationen zum Lauf. BESTIMMUNGEN UND INFORMATIONEN VRM TEAM ASD (VR851) organisiert in Zusammenarbeit mit und unter der Schirmherrschaft der GEMEINDE LAZISE und mit den Vereinen der Gemeinde Lazise sowie mit Genehmigung der [&hellip;]<\/p>\n","protected":false},"author":2,"featured_media":0,"parent":0,"menu_order":0,"comment_status":"closed","ping_status":"closed","template":"","meta":{"_acf_changed":false,"inline_featured_image":false,"footnotes":""},"class_list":["post-3003","page","type-page","status-publish","hentry"],"acf":[],"_links":{"self":[{"href":"https:\/\/www.laziseloverun.it\/de\/wp-json\/wp\/v2\/pages\/3003","targetHints":{"allow":["GET"]}}],"collection":[{"href":"https:\/\/www.laziseloverun.it\/de\/wp-json\/wp\/v2\/pages"}],"about":[{"href":"https:\/\/www.laziseloverun.it\/de\/wp-json\/wp\/v2\/types\/page"}],"author":[{"embeddable":true,"href":"https:\/\/www.laziseloverun.it\/de\/wp-json\/wp\/v2\/users\/2"}],"replies":[{"embeddable":true,"href":"https:\/\/www.laziseloverun.it\/de\/wp-json\/wp\/v2\/comments?post=3003"}],"version-history":[{"count":1,"href":"https:\/\/www.laziseloverun.it\/de\/wp-json\/wp\/v2\/pages\/3003\/revisions"}],"predecessor-version":[{"id":3004,"href":"https:\/\/www.laziseloverun.it\/de\/wp-json\/wp\/v2\/pages\/3003\/revisions\/3004"}],"wp:attachment":[{"href":"https:\/\/www.laziseloverun.it\/de\/wp-json\/wp\/v2\/media?parent=3003"}],"curies":[{"name":"wp","href":"https:\/\/api.w.org\/{rel}","templated":true}]}}