{"id":2587,"date":"2024-11-05T09:38:37","date_gmt":"2024-11-05T09:38:37","guid":{"rendered":"https:\/\/www.laziseloverun.it\/anmeldung\/"},"modified":"2026-01-31T22:05:35","modified_gmt":"2026-01-31T22:05:35","slug":"anmeldung","status":"publish","type":"page","link":"https:\/\/www.laziseloverun.it\/de\/anmeldung\/","title":{"rendered":"Anmeldung"},"content":{"rendered":"\t\t<div data-elementor-type=\"wp-page\" data-elementor-id=\"2587\" class=\"elementor elementor-2587 elementor-1146\" data-elementor-post-type=\"page\">\n\t\t\t\t<div data-dce-background-image-url=\"https:\/\/www.laziseloverun.it\/wp-content\/uploads\/2025\/12\/1.jpg\" class=\"elementor-element elementor-element-33eb030 e-flex e-con-boxed e-con e-parent\" data-id=\"33eb030\" data-element_type=\"container\" data-e-type=\"container\" data-settings=\"{&quot;background_background&quot;:&quot;classic&quot;}\">\n\t\t\t\t\t<div class=\"e-con-inner\">\n\t\t<div class=\"elementor-element elementor-element-d21eda8 e-flex e-con-boxed e-con e-child\" data-id=\"d21eda8\" data-element_type=\"container\" data-e-type=\"container\">\n\t\t\t\t\t<div class=\"e-con-inner\">\n\t\t<div class=\"elementor-element elementor-element-0b1517d e-con-full e-flex e-con e-child\" data-id=\"0b1517d\" data-element_type=\"container\" data-e-type=\"container\">\n\t\t\t\t<\/div>\n\t\t\t\t\t<\/div>\n\t\t\t\t<\/div>\n\t\t\t\t\t<\/div>\n\t\t\t\t<\/div>\n\t\t<div class=\"elementor-element elementor-element-f868430 e-flex e-con-boxed e-con e-parent\" data-id=\"f868430\" data-element_type=\"container\" data-e-type=\"container\">\n\t\t\t\t\t<div class=\"e-con-inner\">\n\t\t<div data-dce-background-color=\"#FFFFFF00\" class=\"elementor-element elementor-element-f8a07c4 e-con-full e-flex e-con e-child\" data-id=\"f8a07c4\" data-element_type=\"container\" data-e-type=\"container\" data-settings=\"{&quot;background_background&quot;:&quot;classic&quot;}\">\n\t\t\t\t<\/div>\n\t\t\t\t\t<\/div>\n\t\t\t\t<\/div>\n\t\t<div class=\"elementor-element elementor-element-8640cf3 e-con-full e-flex e-con e-parent\" data-id=\"8640cf3\" data-element_type=\"container\" data-e-type=\"container\" data-settings=\"{&quot;background_background&quot;:&quot;classic&quot;}\">\n\t\t<div class=\"elementor-element elementor-element-eefd466 e-con-full e-flex e-con e-child\" data-id=\"eefd466\" data-element_type=\"container\" data-e-type=\"container\">\n\t\t<div class=\"elementor-element elementor-element-79ca742 e-con-full e-flex e-con e-child\" data-id=\"79ca742\" data-element_type=\"container\" data-e-type=\"container\">\n\t\t\t\t<div class=\"elementor-element elementor-element-9e4b721 elementor-widget elementor-widget-menu-anchor\" data-id=\"9e4b721\" data-element_type=\"widget\" data-e-type=\"widget\" data-widget_type=\"menu-anchor.default\">\n\t\t\t\t<div class=\"elementor-widget-container\">\n\t\t\t\t\t\t\t<div class=\"elementor-menu-anchor\" id=\"anmeldung\"><\/div>\n\t\t\t\t\t\t<\/div>\n\t\t\t\t<\/div>\n\t\t\t\t<div class=\"elementor-element elementor-element-aae82c9 elementor-widget elementor-widget-heading\" data-id=\"aae82c9\" data-element_type=\"widget\" data-e-type=\"widget\" data-widget_type=\"heading.default\">\n\t\t\t\t<div class=\"elementor-widget-container\">\n\t\t\t\t\t<h2 class=\"elementor-heading-title elementor-size-default\">Teilnahmevoraussetzungen<\/h2>\t\t\t\t<\/div>\n\t\t\t\t<\/div>\n\t\t\t\t<div class=\"elementor-element elementor-element-5684f80 elementor-widget__width-initial elementor-widget elementor-widget-text-editor\" data-id=\"5684f80\" data-element_type=\"widget\" data-e-type=\"widget\" data-widget_type=\"text-editor.default\">\n\t\t\t\t<div class=\"elementor-widget-container\">\n\t\t\t\t\t\t\t\t\t<p>Verpasse nicht die Gelegenheit, Teil der <strong>zweiten<\/strong><b> Ausgabe der Lazise Love Run<\/b> zu sein.<\/p><p>Es sind zwei Arten von Rennen vorgesehen: das <strong>Wettkampfrennen<\/strong> und das <strong>nicht-wettkampfm\u00e4\u00dfige Rennen.<\/strong><\/p><p><span style=\"background-color: var( --e-global-color-8437f0c ); color: var( --e-global-color-text ); letter-spacing: var( --e-global-typography-text-letter-spacing );\">F\u00fcr alle Teilnehmer gibt es ein Startpaket und eine Finisher-Medaille!<\/span><\/p><p><span style=\"background-color: var( --e-global-color-8437f0c ); color: var( --e-global-color-text ); letter-spacing: var( --e-global-typography-text-letter-spacing );\">Beide Rennen werden zeitgemessen.<\/span><\/p>\t\t\t\t\t\t\t\t<\/div>\n\t\t\t\t<\/div>\n\t\t\t\t<\/div>\n\t\t<div class=\"elementor-element elementor-element-6da54e3 e-con-full e-flex e-con e-child\" data-id=\"6da54e3\" data-element_type=\"container\" data-e-type=\"container\">\n\t\t\t\t<div class=\"elementor-element elementor-element-5ace5d5 elementor-widget elementor-widget-heading\" data-id=\"5ace5d5\" data-element_type=\"widget\" data-e-type=\"widget\" data-widget_type=\"heading.default\">\n\t\t\t\t<div class=\"elementor-widget-container\">\n\t\t\t\t\t<h4 class=\"elementor-heading-title elementor-size-default\">Wettkampfrennen<\/h4>\t\t\t\t<\/div>\n\t\t\t\t<\/div>\n\t\t\t\t<div class=\"elementor-element elementor-element-c0ac67e elementor-widget__width-initial elementor-widget elementor-widget-text-editor\" data-id=\"c0ac67e\" data-element_type=\"widget\" data-e-type=\"widget\" data-widget_type=\"text-editor.default\">\n\t\t\t\t<div class=\"elementor-widget-container\">\n\t\t\t\t\t\t\t\t\t<p>Die <strong>Lazise Love Run<\/strong> steht Athleten offen, die zu diesen Kategorien geh\u00f6ren:<\/p><p><strong>FIDAL-Mitglieder<\/strong>: italienische und ausl\u00e4ndische Athleten, die bei FIDAL-Vereinen in den Kategorien Junioren, Nachwuchs, Senioren und Master angeschlossen sind.<\/p><p><strong>Runcard-Besitzer<\/strong>: Athleten mit Runcard oder Runcard-EPS (ab 20 Jahren) mit g\u00fcltigem Wettkampf-Gesundheitszeugnis.<\/p><p><strong>Im Ausland registrierte Athleten<\/strong>: Athleten, die bei Vereinen registriert sind, die bei von World Athletics anerkannten ausl\u00e4ndischen Verb\u00e4nden angeschlossen sind.<\/p>\t\t\t\t\t\t\t\t<\/div>\n\t\t\t\t<\/div>\n\t\t<div class=\"elementor-element elementor-element-92c59df e-con-full e-flex e-con e-child\" data-id=\"92c59df\" data-element_type=\"container\" data-e-type=\"container\">\n\t\t<div data-dce-background-overlay-image-url=\"https:\/\/www.laziseloverun.it\/wp-content\/uploads\/2024\/10\/Topography-v2-USAWP59.png\" class=\"elementor-element elementor-element-8e79541 e-con-full cont-cat-tesserati e-flex e-con e-child\" data-id=\"8e79541\" data-element_type=\"container\" data-e-type=\"container\" data-settings=\"{&quot;background_background&quot;:&quot;classic&quot;}\">\n\t\t\t\t<div class=\"elementor-element elementor-element-1aa150d cont-img-descr elementor-widget elementor-widget-image-box\" data-id=\"1aa150d\" data-element_type=\"widget\" data-e-type=\"widget\" data-widget_type=\"image-box.default\">\n\t\t\t\t<div class=\"elementor-widget-container\">\n\t\t\t\t\t<div class=\"elementor-image-box-wrapper\"><div class=\"elementor-image-box-content\"><h3 class=\"elementor-image-box-title\">Wettkampfrennen<\/h3><p class=\"elementor-image-box-description\">Offen f\u00fcr alle, die 10 km in einer atemberaubenden Kulisse entlang des Gardasees laufen m\u00f6chten.<\/p><\/div><\/div>\t\t\t\t<\/div>\n\t\t\t\t<\/div>\n\t\t\t\t<div class=\"elementor-element elementor-element-ec7676f elementor-widget-divider--view-line elementor-widget elementor-widget-divider\" data-id=\"ec7676f\" data-element_type=\"widget\" data-e-type=\"widget\" data-widget_type=\"divider.default\">\n\t\t\t\t<div class=\"elementor-widget-container\">\n\t\t\t\t\t\t\t<div class=\"elementor-divider\">\n\t\t\t<span class=\"elementor-divider-separator\">\n\t\t\t\t\t\t<\/span>\n\t\t<\/div>\n\t\t\t\t\t\t<\/div>\n\t\t\t\t<\/div>\n\t\t<div class=\"elementor-element elementor-element-190667d e-con-full e-flex e-con e-child\" data-id=\"190667d\" data-element_type=\"container\" data-e-type=\"container\">\n\t\t\t\t<div class=\"elementor-element elementor-element-2d49c1b elementor-widget__width-initial elementor-widget elementor-widget-image-box\" data-id=\"2d49c1b\" data-element_type=\"widget\" data-e-type=\"widget\" data-widget_type=\"image-box.default\">\n\t\t\t\t<div class=\"elementor-widget-container\">\n\t\t\t\t\t<div class=\"elementor-image-box-wrapper\"><div class=\"elementor-image-box-content\"><div class=\"elementor-image-box-title\">erste 150 Anmeldungen<\/div><p class=\"elementor-image-box-description\"><s>16,00 \u20ac<\/s><\/p><\/div><\/div>\t\t\t\t<\/div>\n\t\t\t\t<\/div>\n\t\t\t\t<\/div>\n\t\t<div class=\"elementor-element elementor-element-8d16306 e-con-full e-flex e-con e-child\" data-id=\"8d16306\" data-element_type=\"container\" data-e-type=\"container\">\n\t\t\t\t<div class=\"elementor-element elementor-element-d40243b elementor-widget__width-initial elementor-widget elementor-widget-image-box\" data-id=\"d40243b\" data-element_type=\"widget\" data-e-type=\"widget\" data-widget_type=\"image-box.default\">\n\t\t\t\t<div class=\"elementor-widget-container\">\n\t\t\t\t\t<div class=\"elementor-image-box-wrapper\"><div class=\"elementor-image-box-content\"><div class=\"elementor-image-box-title\">von 151 bis 300 Anmeldungen<\/div><p class=\"elementor-image-box-description\"><s>18,00 \u20ac<\/s><\/p><\/div><\/div>\t\t\t\t<\/div>\n\t\t\t\t<\/div>\n\t\t\t\t<\/div>\n\t\t<div class=\"elementor-element elementor-element-2694aa3 e-con-full e-flex e-con e-child\" data-id=\"2694aa3\" data-element_type=\"container\" data-e-type=\"container\">\n\t\t\t\t<div class=\"elementor-element elementor-element-c0254a1 elementor-widget__width-initial elementor-widget elementor-widget-image-box\" data-id=\"c0254a1\" data-element_type=\"widget\" data-e-type=\"widget\" data-widget_type=\"image-box.default\">\n\t\t\t\t<div class=\"elementor-widget-container\">\n\t\t\t\t\t<div class=\"elementor-image-box-wrapper\"><div class=\"elementor-image-box-content\"><div class=\"elementor-image-box-title\">von 301 bis 500 Anmeldungen<\/div><p class=\"elementor-image-box-description\"><s>20,00 \u20ac<\/s><\/p><\/div><\/div>\t\t\t\t<\/div>\n\t\t\t\t<\/div>\n\t\t\t\t<\/div>\n\t\t\t\t<div class=\"elementor-element elementor-element-663c82e elementor-widget__width-initial elementor-widget elementor-widget-image-box\" data-id=\"663c82e\" data-element_type=\"widget\" data-e-type=\"widget\" data-widget_type=\"image-box.default\">\n\t\t\t\t<div class=\"elementor-widget-container\">\n\t\t\t\t\t<div class=\"elementor-image-box-wrapper\"><div class=\"elementor-image-box-content\"><div class=\"elementor-image-box-title\">von 501 bis 700 Anmeldungen<\/div><p class=\"elementor-image-box-description\"><s>24,00 \u20ac<\/s><\/p><\/div><\/div>\t\t\t\t<\/div>\n\t\t\t\t<\/div>\n\t\t\t\t<div class=\"elementor-element elementor-element-3751730 elementor-widget__width-initial elementor-widget elementor-widget-image-box\" data-id=\"3751730\" data-element_type=\"widget\" data-e-type=\"widget\" data-widget_type=\"image-box.default\">\n\t\t\t\t<div class=\"elementor-widget-container\">\n\t\t\t\t\t<div class=\"elementor-image-box-wrapper\"><div class=\"elementor-image-box-content\"><div class=\"elementor-image-box-title\">ab 701 Anmeldungen<\/div><p class=\"elementor-image-box-description\"><s>28,00 \u20ac<\/s><\/p><\/div><\/div>\t\t\t\t<\/div>\n\t\t\t\t<\/div>\n\t\t\t\t<div class=\"elementor-element elementor-element-4cdf947 elementor-widget elementor-widget-heading\" data-id=\"4cdf947\" data-element_type=\"widget\" data-e-type=\"widget\" data-widget_type=\"heading.default\">\n\t\t\t\t<div class=\"elementor-widget-container\">\n\t\t\t\t\t<h4 class=\"elementor-heading-title elementor-size-default\">Die Anmeldungen sind ausverkauft<\/h4>\t\t\t\t<\/div>\n\t\t\t\t<\/div>\n\t\t\t\t<div class=\"elementor-element elementor-element-5dc4a01 elementor-align-left elementor-widget elementor-widget-button\" data-id=\"5dc4a01\" data-element_type=\"widget\" data-e-type=\"widget\" data-widget_type=\"button.default\">\n\t\t\t\t<div class=\"elementor-widget-container\">\n\t\t\t\t\t\t\t\t\t<div class=\"elementor-button-wrapper\">\n\t\t\t\t\t<a class=\"elementor-button elementor-button-link elementor-size-sm\" href=\"https:\/\/www.avaibooksports.com\/sport-event\/lazise-love-run-2026\/private-zone\/login\">\n\t\t\t\t\t\t<span class=\"elementor-button-content-wrapper\">\n\t\t\t\t\t\t\t\t\t<span class=\"elementor-button-text\">Anmeldungen pr\u00fcfen<\/span>\n\t\t\t\t\t<\/span>\n\t\t\t\t\t<\/a>\n\t\t\t\t<\/div>\n\t\t\t\t\t\t\t\t<\/div>\n\t\t\t\t<\/div>\n\t\t\t\t<\/div>\n\t\t\t\t<\/div>\n\t\t\t\t<\/div>\n\t\t<div class=\"elementor-element elementor-element-bec6e72 e-con-full e-flex e-con e-child\" data-id=\"bec6e72\" data-element_type=\"container\" data-e-type=\"container\">\n\t\t\t\t<div class=\"elementor-element elementor-element-a53049e elementor-widget elementor-widget-heading\" data-id=\"a53049e\" data-element_type=\"widget\" data-e-type=\"widget\" data-widget_type=\"heading.default\">\n\t\t\t\t<div class=\"elementor-widget-container\">\n\t\t\t\t\t<h4 class=\"elementor-heading-title elementor-size-default\">nicht-wettkampfm\u00e4\u00dfig<\/h4>\t\t\t\t<\/div>\n\t\t\t\t<\/div>\n\t\t\t\t<div class=\"elementor-element elementor-element-c07a11b elementor-widget__width-initial elementor-widget elementor-widget-text-editor\" data-id=\"c07a11b\" data-element_type=\"widget\" data-e-type=\"widget\" data-widget_type=\"text-editor.default\">\n\t\t\t\t<div class=\"elementor-widget-container\">\n\t\t\t\t\t\t\t\t\t<p><span style=\"background-color: var( --e-global-color-8437f0c ); color: var( --e-global-color-text ); letter-spacing: var( --e-global-typography-text-letter-spacing );\">F\u00fcr Athleten oder Laufbegeisterte, die einfach Spa\u00df in Gesellschaft anderer haben m\u00f6chten, w\u00e4hrend sie dieselbe 10-km-Strecke wie die Athleten im Wettkampfrennen absolvieren.<\/span><\/p>\t\t\t\t\t\t\t\t<\/div>\n\t\t\t\t<\/div>\n\t\t<div class=\"elementor-element elementor-element-a51c0b8 e-con-full e-flex e-con e-child\" data-id=\"a51c0b8\" data-element_type=\"container\" data-e-type=\"container\">\n\t\t<div data-dce-background-overlay-image-url=\"https:\/\/www.laziseloverun.it\/wp-content\/uploads\/2024\/10\/Topography-v2-USAWP59.png\" class=\"elementor-element elementor-element-c509d14 e-con-full cont-cat-tesserati e-flex e-con e-child\" data-id=\"c509d14\" data-element_type=\"container\" data-e-type=\"container\" data-settings=\"{&quot;background_background&quot;:&quot;classic&quot;}\">\n\t\t\t\t<div class=\"elementor-element elementor-element-2533368 cont-img-descr elementor-widget elementor-widget-image-box\" data-id=\"2533368\" data-element_type=\"widget\" data-e-type=\"widget\" data-widget_type=\"image-box.default\">\n\t\t\t\t<div class=\"elementor-widget-container\">\n\t\t\t\t\t<div class=\"elementor-image-box-wrapper\"><div class=\"elementor-image-box-content\"><h3 class=\"elementor-image-box-title\">nicht-wettkampfm\u00e4\u00dfig<\/h3><p class=\"elementor-image-box-description\">Offen f\u00fcr alle, die 10 km in einer atemberaubenden Kulisse entlang des Gardasees laufen m\u00f6chten.<\/p><\/div><\/div>\t\t\t\t<\/div>\n\t\t\t\t<\/div>\n\t\t\t\t<div class=\"elementor-element elementor-element-7b21a33 elementor-widget-divider--view-line elementor-widget elementor-widget-divider\" data-id=\"7b21a33\" data-element_type=\"widget\" data-e-type=\"widget\" data-widget_type=\"divider.default\">\n\t\t\t\t<div class=\"elementor-widget-container\">\n\t\t\t\t\t\t\t<div class=\"elementor-divider\">\n\t\t\t<span class=\"elementor-divider-separator\">\n\t\t\t\t\t\t<\/span>\n\t\t<\/div>\n\t\t\t\t\t\t<\/div>\n\t\t\t\t<\/div>\n\t\t<div class=\"elementor-element elementor-element-09ce4ca e-con-full e-flex e-con e-child\" data-id=\"09ce4ca\" data-element_type=\"container\" data-e-type=\"container\">\n\t\t\t\t<div class=\"elementor-element elementor-element-3a89e69 elementor-widget__width-initial elementor-widget elementor-widget-image-box\" data-id=\"3a89e69\" data-element_type=\"widget\" data-e-type=\"widget\" data-widget_type=\"image-box.default\">\n\t\t\t\t<div class=\"elementor-widget-container\">\n\t\t\t\t\t<div class=\"elementor-image-box-wrapper\"><div class=\"elementor-image-box-content\"><div class=\"elementor-image-box-title\">erste 150 Anmeldungen<\/div><p class=\"elementor-image-box-description\"><s>14,00 \u20ac<\/s><\/p><\/div><\/div>\t\t\t\t<\/div>\n\t\t\t\t<\/div>\n\t\t\t\t<\/div>\n\t\t<div class=\"elementor-element elementor-element-83d9759 e-con-full e-flex e-con e-child\" data-id=\"83d9759\" data-element_type=\"container\" data-e-type=\"container\">\n\t\t\t\t<div class=\"elementor-element elementor-element-4203f36 elementor-widget__width-initial elementor-widget elementor-widget-image-box\" data-id=\"4203f36\" data-element_type=\"widget\" data-e-type=\"widget\" data-widget_type=\"image-box.default\">\n\t\t\t\t<div class=\"elementor-widget-container\">\n\t\t\t\t\t<div class=\"elementor-image-box-wrapper\"><div class=\"elementor-image-box-content\"><div class=\"elementor-image-box-title\">von 151 bis 300 Anmeldungen<\/div><p class=\"elementor-image-box-description\"><s>16,00 \u20ac<\/s><\/p><\/div><\/div>\t\t\t\t<\/div>\n\t\t\t\t<\/div>\n\t\t\t\t<\/div>\n\t\t<div class=\"elementor-element elementor-element-280512e e-con-full e-flex e-con e-child\" data-id=\"280512e\" data-element_type=\"container\" data-e-type=\"container\">\n\t\t\t\t<div class=\"elementor-element elementor-element-39b8511 elementor-widget__width-initial elementor-widget elementor-widget-image-box\" data-id=\"39b8511\" data-element_type=\"widget\" data-e-type=\"widget\" data-widget_type=\"image-box.default\">\n\t\t\t\t<div class=\"elementor-widget-container\">\n\t\t\t\t\t<div class=\"elementor-image-box-wrapper\"><div class=\"elementor-image-box-content\"><div class=\"elementor-image-box-title\">von 301 bis 500 Anmeldungen<\/div><p class=\"elementor-image-box-description\"><s>18,00 \u20ac<\/s><\/p><\/div><\/div>\t\t\t\t<\/div>\n\t\t\t\t<\/div>\n\t\t\t\t<\/div>\n\t\t\t\t<div class=\"elementor-element elementor-element-0bb3603 elementor-widget__width-initial elementor-widget elementor-widget-image-box\" data-id=\"0bb3603\" data-element_type=\"widget\" data-e-type=\"widget\" data-widget_type=\"image-box.default\">\n\t\t\t\t<div class=\"elementor-widget-container\">\n\t\t\t\t\t<div class=\"elementor-image-box-wrapper\"><div class=\"elementor-image-box-content\"><div class=\"elementor-image-box-title\">von 501 bis 700 Anmeldungen<\/div><p class=\"elementor-image-box-description\"><s>22,00 \u20ac<\/s><\/p><\/div><\/div>\t\t\t\t<\/div>\n\t\t\t\t<\/div>\n\t\t\t\t<div class=\"elementor-element elementor-element-f143a2a elementor-widget__width-initial elementor-widget elementor-widget-image-box\" data-id=\"f143a2a\" data-element_type=\"widget\" data-e-type=\"widget\" data-widget_type=\"image-box.default\">\n\t\t\t\t<div class=\"elementor-widget-container\">\n\t\t\t\t\t<div class=\"elementor-image-box-wrapper\"><div class=\"elementor-image-box-content\"><div class=\"elementor-image-box-title\">ab 701 Anmeldungen<\/div><p class=\"elementor-image-box-description\"><s>26,00 \u20ac<\/s><\/p><\/div><\/div>\t\t\t\t<\/div>\n\t\t\t\t<\/div>\n\t\t\t\t<div class=\"elementor-element elementor-element-f21183c elementor-widget elementor-widget-heading\" data-id=\"f21183c\" data-element_type=\"widget\" data-e-type=\"widget\" data-widget_type=\"heading.default\">\n\t\t\t\t<div class=\"elementor-widget-container\">\n\t\t\t\t\t<h4 class=\"elementor-heading-title elementor-size-default\">Die Anmeldungen sind ausverkauft<\/h4>\t\t\t\t<\/div>\n\t\t\t\t<\/div>\n\t\t\t\t<div class=\"elementor-element elementor-element-e2f57ed elementor-align-left elementor-widget elementor-widget-button\" data-id=\"e2f57ed\" data-element_type=\"widget\" data-e-type=\"widget\" data-widget_type=\"button.default\">\n\t\t\t\t<div class=\"elementor-widget-container\">\n\t\t\t\t\t\t\t\t\t<div class=\"elementor-button-wrapper\">\n\t\t\t\t\t<a class=\"elementor-button elementor-button-link elementor-size-sm\" href=\"https:\/\/www.avaibooksports.com\/sport-event\/lazise-love-run-2026\/private-zone\/login\">\n\t\t\t\t\t\t<span class=\"elementor-button-content-wrapper\">\n\t\t\t\t\t\t\t\t\t<span class=\"elementor-button-text\">Anmeldungen pr\u00fcfen<\/span>\n\t\t\t\t\t<\/span>\n\t\t\t\t\t<\/a>\n\t\t\t\t<\/div>\n\t\t\t\t\t\t\t\t<\/div>\n\t\t\t\t<\/div>\n\t\t\t\t<\/div>\n\t\t\t\t<\/div>\n\t\t\t\t<\/div>\n\t\t\t\t<\/div>\n\t\t\t\t<\/div>\n\t\t\t\t<\/div>\n\t\t","protected":false},"excerpt":{"rendered":"<p>Teilnahmevoraussetzungen Verpasse nicht die Gelegenheit, Teil der zweiten Ausgabe der Lazise Love Run zu sein. Es sind zwei Arten von Rennen vorgesehen: das Wettkampfrennen und das nicht-wettkampfm\u00e4\u00dfige Rennen. F\u00fcr alle Teilnehmer gibt es ein Startpaket und eine Finisher-Medaille! Beide Rennen werden zeitgemessen. Wettkampfrennen Die Lazise Love Run steht Athleten offen, die zu diesen Kategorien geh\u00f6ren: [&hellip;]<\/p>\n","protected":false},"author":2,"featured_media":0,"parent":0,"menu_order":0,"comment_status":"closed","ping_status":"closed","template":"","meta":{"_acf_changed":false,"inline_featured_image":false,"footnotes":""},"class_list":["post-2587","page","type-page","status-publish","hentry"],"acf":[],"_links":{"self":[{"href":"https:\/\/www.laziseloverun.it\/de\/wp-json\/wp\/v2\/pages\/2587","targetHints":{"allow":["GET"]}}],"collection":[{"href":"https:\/\/www.laziseloverun.it\/de\/wp-json\/wp\/v2\/pages"}],"about":[{"href":"https:\/\/www.laziseloverun.it\/de\/wp-json\/wp\/v2\/types\/page"}],"author":[{"embeddable":true,"href":"https:\/\/www.laziseloverun.it\/de\/wp-json\/wp\/v2\/users\/2"}],"replies":[{"embeddable":true,"href":"https:\/\/www.laziseloverun.it\/de\/wp-json\/wp\/v2\/comments?post=2587"}],"version-history":[{"count":8,"href":"https:\/\/www.laziseloverun.it\/de\/wp-json\/wp\/v2\/pages\/2587\/revisions"}],"predecessor-version":[{"id":3093,"href":"https:\/\/www.laziseloverun.it\/de\/wp-json\/wp\/v2\/pages\/2587\/revisions\/3093"}],"wp:attachment":[{"href":"https:\/\/www.laziseloverun.it\/de\/wp-json\/wp\/v2\/media?parent=2587"}],"curies":[{"name":"wp","href":"https:\/\/api.w.org\/{rel}","templated":true}]}}