{"id":2562,"date":"2024-12-05T15:52:26","date_gmt":"2024-12-05T15:52:26","guid":{"rendered":"https:\/\/www.laziseloverun.it\/startseite\/"},"modified":"2026-01-31T21:59:42","modified_gmt":"2026-01-31T21:59:42","slug":"startseite","status":"publish","type":"page","link":"https:\/\/www.laziseloverun.it\/de\/","title":{"rendered":"Startseite"},"content":{"rendered":"\t\t<div data-elementor-type=\"wp-page\" data-elementor-id=\"2562\" class=\"elementor elementor-2562 elementor-1825\" data-elementor-post-type=\"page\">\n\t\t\t\t<div class=\"elementor-element elementor-element-6fde8e9 e-flex e-con-boxed e-con e-parent\" data-id=\"6fde8e9\" data-element_type=\"container\" data-e-type=\"container\" data-settings=\"{&quot;background_play_on_mobile&quot;:&quot;yes&quot;,&quot;background_background&quot;:&quot;video&quot;,&quot;background_privacy_mode&quot;:&quot;yes&quot;,&quot;background_video_link&quot;:&quot;https:\\\/\\\/youtu.be\\\/SwiHD1ZUWFo&quot;}\">\n\t\t\t\t\t<div class=\"e-con-inner\">\n\t\t<div class=\"elementor-background-video-container\">\n\t\t\t\t\t\t\t<div class=\"elementor-background-video-embed\" role=\"presentation\"><\/div>\n\t\t\t\t\t\t<\/div><div class=\"elementor-element elementor-element-4a43a2c e-flex e-con-boxed e-con e-child\" data-id=\"4a43a2c\" data-element_type=\"container\" data-e-type=\"container\">\n\t\t\t\t\t<div class=\"e-con-inner\">\n\t\t\t\t<div class=\"elementor-element elementor-element-4542f6c elementor-widget elementor-widget-heading\" data-id=\"4542f6c\" data-element_type=\"widget\" data-e-type=\"widget\" data-widget_type=\"heading.default\">\n\t\t\t\t<div class=\"elementor-widget-container\">\n\t\t\t\t\t<h2 class=\"elementor-heading-title elementor-size-default\">LAZISE LOVE RUN<\/h2>\t\t\t\t<\/div>\n\t\t\t\t<\/div>\n\t\t\t\t<div class=\"elementor-element elementor-element-1605943 elementor-widget__width-initial elementor-widget elementor-widget-text-editor\" data-id=\"1605943\" data-element_type=\"widget\" data-e-type=\"widget\" data-widget_type=\"text-editor.default\">\n\t\t\t\t<div class=\"elementor-widget-container\">\n\t\t\t\t\t\t\t\t\t<p>Mach dich bereit f\u00fcr ein einzigartiges Erlebnis aus Sport und Spa\u00df!<br>Der Lazise Love Run erwartet dich am Ufer des Gardasees mit einer atemberaubenden Strecke, die dich in die umliegende Landschaft verlieben l\u00e4sst.<\/p>\t\t\t\t\t\t\t\t<\/div>\n\t\t\t\t<\/div>\n\t\t<div class=\"elementor-element elementor-element-fe37e35 e-con-full e-flex e-con e-child\" data-id=\"fe37e35\" data-element_type=\"container\" data-e-type=\"container\">\n\t\t\t\t<div class=\"elementor-element elementor-element-60e1c31 elementor-widget elementor-widget-button\" data-id=\"60e1c31\" data-element_type=\"widget\" data-e-type=\"widget\" data-widget_type=\"button.default\">\n\t\t\t\t<div class=\"elementor-widget-container\">\n\t\t\t\t\t\t\t\t\t<div class=\"elementor-button-wrapper\">\n\t\t\t\t\t<a class=\"elementor-button elementor-button-link elementor-size-sm\" href=\"https:\/\/www.avaibooksports.com\/inscripcion\/lazise-love-run-2026\/\" target=\"_blank\">\n\t\t\t\t\t\t<span class=\"elementor-button-content-wrapper\">\n\t\t\t\t\t\t\t\t\t<span class=\"elementor-button-text\">Anmelden<\/span>\n\t\t\t\t\t<\/span>\n\t\t\t\t\t<\/a>\n\t\t\t\t<\/div>\n\t\t\t\t\t\t\t\t<\/div>\n\t\t\t\t<\/div>\n\t\t\t\t<\/div>\n\t\t\t\t\t<\/div>\n\t\t\t\t<\/div>\n\t\t\t\t\t<\/div>\n\t\t\t\t<\/div>\n\t\t<div class=\"elementor-element elementor-element-1fa736d e-flex e-con-boxed e-con e-parent\" data-id=\"1fa736d\" data-element_type=\"container\" data-e-type=\"container\">\n\t\t\t\t\t<div class=\"e-con-inner\">\n\t\t<div class=\"elementor-element elementor-element-b52c137 e-con-full e-flex e-con e-child\" data-id=\"b52c137\" data-element_type=\"container\" data-e-type=\"container\">\n\t\t<div data-dce-background-overlay-image-url=\"https:\/\/www.laziseloverun.it\/wp-content\/uploads\/2024\/10\/Topography-v2-USAWP59.png\" class=\"elementor-element elementor-element-71f0edb e-con-full e-flex e-con e-child\" data-id=\"71f0edb\" data-element_type=\"container\" data-e-type=\"container\" data-settings=\"{&quot;background_background&quot;:&quot;classic&quot;}\">\n\t\t<div class=\"elementor-element elementor-element-76d5636 e-con-full e-flex e-con e-child\" data-id=\"76d5636\" data-element_type=\"container\" data-e-type=\"container\">\n\t\t\t\t<div class=\"elementor-element elementor-element-7ff194f elementor-widget__width-initial elementor-widget elementor-widget-heading\" data-id=\"7ff194f\" data-element_type=\"widget\" data-e-type=\"widget\" data-widget_type=\"heading.default\">\n\t\t\t\t<div class=\"elementor-widget-container\">\n\t\t\t\t\t<h3 class=\"elementor-heading-title elementor-size-default\">LAZISE LOVE RUN<\/h3>\t\t\t\t<\/div>\n\t\t\t\t<\/div>\n\t\t\t\t<\/div>\n\t\t<div class=\"elementor-element elementor-element-f38d61f e-con-full e-flex e-con e-child\" data-id=\"f38d61f\" data-element_type=\"container\" data-e-type=\"container\">\n\t\t\t\t<div class=\"elementor-element elementor-element-7899d5e elementor-view-framed elementor-position-inline-start elementor-widget-mobile__width-initial elementor-shape-circle elementor-mobile-position-block-start elementor-widget elementor-widget-icon-box\" data-id=\"7899d5e\" data-element_type=\"widget\" data-e-type=\"widget\" data-widget_type=\"icon-box.default\">\n\t\t\t\t<div class=\"elementor-widget-container\">\n\t\t\t\t\t\t\t<div class=\"elementor-icon-box-wrapper\">\n\n\t\t\t\t\t\t<div class=\"elementor-icon-box-icon\">\n\t\t\t\t<span  class=\"elementor-icon elementor-animation-wobble-vertical\">\n\t\t\t\t<i aria-hidden=\"true\" class=\"fas fa-flag-checkered\"><\/i>\t\t\t\t<\/span>\n\t\t\t<\/div>\n\t\t\t\n\t\t\t\t\t\t<div class=\"elementor-icon-box-content\">\n\n\t\t\t\t\t\t\t\t\t<div class=\"elementor-icon-box-title\">\n\t\t\t\t\t\t<span  >\n\t\t\t\t\t\t\tSonntag, 8. Februar 2026\t\t\t\t\t\t<\/span>\n\t\t\t\t\t<\/div>\n\t\t\t\t\n\t\t\t\t\n\t\t\t<\/div>\n\t\t\t\n\t\t<\/div>\n\t\t\t\t\t\t<\/div>\n\t\t\t\t<\/div>\n\t\t\t\t<div class=\"elementor-element elementor-element-0873dd0 elementor-view-framed elementor-position-inline-start elementor-widget-mobile__width-initial elementor-shape-circle elementor-mobile-position-block-start elementor-widget elementor-widget-icon-box\" data-id=\"0873dd0\" data-element_type=\"widget\" data-e-type=\"widget\" data-widget_type=\"icon-box.default\">\n\t\t\t\t<div class=\"elementor-widget-container\">\n\t\t\t\t\t\t\t<div class=\"elementor-icon-box-wrapper\">\n\n\t\t\t\t\t\t<div class=\"elementor-icon-box-icon\">\n\t\t\t\t<span  class=\"elementor-icon elementor-animation-wobble-vertical\">\n\t\t\t\t<i aria-hidden=\"true\" class=\"fas fa-map-marked-alt\"><\/i>\t\t\t\t<\/span>\n\t\t\t<\/div>\n\t\t\t\n\t\t\t\t\t\t<div class=\"elementor-icon-box-content\">\n\n\t\t\t\t\t\t\t\t\t<div class=\"elementor-icon-box-title\">\n\t\t\t\t\t\t<span  >\n\t\t\t\t\t\t\tLazise, Verona\t\t\t\t\t\t<\/span>\n\t\t\t\t\t<\/div>\n\t\t\t\t\n\t\t\t\t\n\t\t\t<\/div>\n\t\t\t\n\t\t<\/div>\n\t\t\t\t\t\t<\/div>\n\t\t\t\t<\/div>\n\t\t\t\t<div class=\"elementor-element elementor-element-dc42275 elementor-view-framed elementor-position-inline-start elementor-widget-mobile__width-inherit elementor-shape-circle elementor-mobile-position-block-start elementor-widget elementor-widget-icon-box\" data-id=\"dc42275\" data-element_type=\"widget\" data-e-type=\"widget\" data-widget_type=\"icon-box.default\">\n\t\t\t\t<div class=\"elementor-widget-container\">\n\t\t\t\t\t\t\t<div class=\"elementor-icon-box-wrapper\">\n\n\t\t\t\t\t\t<div class=\"elementor-icon-box-icon\">\n\t\t\t\t<span  class=\"elementor-icon elementor-animation-wobble-vertical\">\n\t\t\t\t<i aria-hidden=\"true\" class=\"fas fa-running\"><\/i>\t\t\t\t<\/span>\n\t\t\t<\/div>\n\t\t\t\n\t\t\t\t\t\t<div class=\"elementor-icon-box-content\">\n\n\t\t\t\t\t\t\t\t\t<div class=\"elementor-icon-box-title\">\n\t\t\t\t\t\t<span  >\n\t\t\t\t\t\t\t10 km FIDAL-zertifiziert\t\t\t\t\t\t<\/span>\n\t\t\t\t\t<\/div>\n\t\t\t\t\n\t\t\t\t\n\t\t\t<\/div>\n\t\t\t\n\t\t<\/div>\n\t\t\t\t\t\t<\/div>\n\t\t\t\t<\/div>\n\t\t\t\t<div class=\"elementor-element elementor-element-df047b0 elementor-view-framed elementor-position-inline-start elementor-widget-mobile__width-inherit elementor-shape-circle elementor-mobile-position-block-start elementor-widget elementor-widget-icon-box\" data-id=\"df047b0\" data-element_type=\"widget\" data-e-type=\"widget\" data-widget_type=\"icon-box.default\">\n\t\t\t\t<div class=\"elementor-widget-container\">\n\t\t\t\t\t\t\t<div class=\"elementor-icon-box-wrapper\">\n\n\t\t\t\t\t\t<div class=\"elementor-icon-box-icon\">\n\t\t\t\t<span  class=\"elementor-icon elementor-animation-wobble-vertical\">\n\t\t\t\t<svg xmlns=\"http:\/\/www.w3.org\/2000\/svg\" viewBox=\"0 0 640 512\"><path d=\"M335.5 4l288 160c15.4 8.6 21 28.1 12.4 43.5s-28.1 21-43.5 12.4L320 68.6 47.5 220c-15.4 8.6-34.9 3-43.5-12.4s-3-34.9 12.4-43.5L304.5 4c9.7-5.4 21.4-5.4 31.1 0zM320 160a40 40 0 1 1 0 80 40 40 0 1 1 0-80zM144 256a40 40 0 1 1 0 80 40 40 0 1 1 0-80zm312 40a40 40 0 1 1 80 0 40 40 0 1 1 -80 0zM226.9 491.4L200 441.5l0 38.5c0 17.7-14.3 32-32 32l-48 0c-17.7 0-32-14.3-32-32l0-38.5L61.1 491.4c-6.3 11.7-20.8 16-32.5 9.8s-16-20.8-9.8-32.5l37.9-70.3c15.3-28.5 45.1-46.3 77.5-46.3l19.5 0c16.3 0 31.9 4.5 45.4 12.6l33.6-62.3c15.3-28.5 45.1-46.3 77.5-46.3l19.5 0c32.4 0 62.1 17.8 77.5 46.3l33.6 62.3c13.5-8.1 29.1-12.6 45.4-12.6l19.5 0c32.4 0 62.1 17.8 77.5 46.3l37.9 70.3c6.3 11.7 1.9 26.2-9.8 32.5s-26.2 1.9-32.5-9.8L552 441.5l0 38.5c0 17.7-14.3 32-32 32l-48 0c-17.7 0-32-14.3-32-32l0-38.5-26.9 49.9c-6.3 11.7-20.8 16-32.5 9.8s-16-20.8-9.8-32.5l36.3-67.5c-1.7-1.7-3.2-3.6-4.3-5.8L376 345.5l0 54.5c0 17.7-14.3 32-32 32l-48 0c-17.7 0-32-14.3-32-32l0-54.5-26.9 49.9c-1.2 2.2-2.6 4.1-4.3 5.8l36.3 67.5c6.3 11.7 1.9 26.2-9.8 32.5s-26.2 1.9-32.5-9.8z\"><\/path><\/svg>\t\t\t\t<\/span>\n\t\t\t<\/div>\n\t\t\t\n\t\t\t\t\t\t<div class=\"elementor-icon-box-content\">\n\n\t\t\t\t\t\t\t\t\t<div class=\"elementor-icon-box-title\">\n\t\t\t\t\t\t<span  >\n\t\t\t\t\t\t\t10 km nicht-wettkampfm\u00e4\u00dfig mit Zeitmessung\t\t\t\t\t\t<\/span>\n\t\t\t\t\t<\/div>\n\t\t\t\t\n\t\t\t\t\n\t\t\t<\/div>\n\t\t\t\n\t\t<\/div>\n\t\t\t\t\t\t<\/div>\n\t\t\t\t<\/div>\n\t\t\t\t<\/div>\n\t\t\t\t<\/div>\n\t\t\t\t<\/div>\n\t\t\t\t\t<\/div>\n\t\t\t\t<\/div>\n\t\t<div class=\"elementor-element elementor-element-4352889 e-flex e-con-boxed e-con e-parent\" data-id=\"4352889\" data-element_type=\"container\" data-e-type=\"container\">\n\t\t\t\t\t<div class=\"e-con-inner\">\n\t\t<div data-dce-background-color=\"#FFFFFF00\" class=\"elementor-element elementor-element-c37c47a e-con-full e-flex e-con e-child\" data-id=\"c37c47a\" data-element_type=\"container\" data-e-type=\"container\" data-settings=\"{&quot;background_background&quot;:&quot;classic&quot;}\">\n\t\t\t\t<div class=\"elementor-element elementor-element-2d25f77 elementor-widget elementor-widget-heading\" data-id=\"2d25f77\" data-element_type=\"widget\" data-e-type=\"widget\" data-widget_type=\"heading.default\">\n\t\t\t\t<div class=\"elementor-widget-container\">\n\t\t\t\t\t<h2 class=\"elementor-heading-title elementor-size-default\">Neuigkeiten!<\/h2>\t\t\t\t<\/div>\n\t\t\t\t<\/div>\n\t\t\t\t<div class=\"elementor-element elementor-element-e228381 elementor-widget elementor-widget-text-editor\" data-id=\"e228381\" data-element_type=\"widget\" data-e-type=\"widget\" data-widget_type=\"text-editor.default\">\n\t\t\t\t<div class=\"elementor-widget-container\">\n\t\t\t\t\t\t\t\t\t<p><strong>Neuer Start- und Zielbereich!<br>Das Rennen startet und endet im Herzen von Lazise, auf der Piazza Vittorio Emanuele.<\/strong><\/p>\t\t\t\t\t\t\t\t<\/div>\n\t\t\t\t<\/div>\n\t\t\t\t<\/div>\n\t\t<div class=\"elementor-element elementor-element-3779280 e-grid e-con-full e-con e-child\" data-id=\"3779280\" data-element_type=\"container\" data-e-type=\"container\">\n\t\t\t\t<div class=\"elementor-element elementor-element-5b7ac8e elementor-align-center elementor-widget elementor-widget-button\" data-id=\"5b7ac8e\" data-element_type=\"widget\" data-e-type=\"widget\" data-widget_type=\"button.default\">\n\t\t\t\t<div class=\"elementor-widget-container\">\n\t\t\t\t\t\t\t\t\t<div class=\"elementor-button-wrapper\">\n\t\t\t\t\t<a class=\"elementor-button elementor-button-link elementor-size-sm\" href=\"https:\/\/www.avaibooksports.com\/sport-event\/lazise-love-run-2026\/private-zone\/login\">\n\t\t\t\t\t\t<span class=\"elementor-button-content-wrapper\">\n\t\t\t\t\t\t\t\t\t<span class=\"elementor-button-text\">Anmeldungen pr\u00fcfen<\/span>\n\t\t\t\t\t<\/span>\n\t\t\t\t\t<\/a>\n\t\t\t\t<\/div>\n\t\t\t\t\t\t\t\t<\/div>\n\t\t\t\t<\/div>\n\t\t\t\t<\/div>\n\t\t\t\t\t<\/div>\n\t\t\t\t<\/div>\n\t\t<div data-dce-background-image-url=\"https:\/\/www.laziseloverun.it\/wp-content\/uploads\/2025\/12\/6.jpg\" class=\"elementor-element elementor-element-34559e0 e-flex e-con-boxed e-con e-parent\" data-id=\"34559e0\" data-element_type=\"container\" data-e-type=\"container\" data-settings=\"{&quot;background_background&quot;:&quot;classic&quot;}\">\n\t\t\t\t\t<div class=\"e-con-inner\">\n\t\t<div class=\"elementor-element elementor-element-8712050 e-con-full e-flex e-con e-child\" data-id=\"8712050\" data-element_type=\"container\" data-e-type=\"container\">\n\t\t\t\t<div class=\"elementor-element elementor-element-98ab545 elementor-widget elementor-widget-heading\" data-id=\"98ab545\" data-element_type=\"widget\" data-e-type=\"widget\" data-widget_type=\"heading.default\">\n\t\t\t\t<div class=\"elementor-widget-container\">\n\t\t\t\t\t<h2 class=\"elementor-heading-title elementor-size-default\">Solidarit\u00e4t<\/h2>\t\t\t\t<\/div>\n\t\t\t\t<\/div>\n\t\t\t\t<div class=\"elementor-element elementor-element-7f55c8c elementor-widget__width-initial elementor-widget elementor-widget-text-editor\" data-id=\"7f55c8c\" data-element_type=\"widget\" data-e-type=\"widget\" data-widget_type=\"text-editor.default\">\n\t\t\t\t<div class=\"elementor-widget-container\">\n\t\t\t\t\t\t\t\t\t<p>Ein Teil des Erl\u00f6ses der Veranstaltung wird zur Unterst\u00fctzung der Aktivit\u00e4ten von \u201eEssere Clown Verona Onlus\u201c verwendet, einem Freiwilligenverein, der Clownpflege einsetzt, um Menschen in schwierigen Momenten ein L\u00e4cheln und emotionale Erleichterung zu bringen.<\/p>\t\t\t\t\t\t\t\t<\/div>\n\t\t\t\t<\/div>\n\t\t\t\t<div class=\"elementor-element elementor-element-5f9a8b7 elementor-widget elementor-widget-button\" data-id=\"5f9a8b7\" data-element_type=\"widget\" data-e-type=\"widget\" data-widget_type=\"button.default\">\n\t\t\t\t<div class=\"elementor-widget-container\">\n\t\t\t\t\t\t\t\t\t<div class=\"elementor-button-wrapper\">\n\t\t\t\t\t<a class=\"elementor-button elementor-button-link elementor-size-sm\" href=\"https:\/\/www.essereclownverona.it\/\">\n\t\t\t\t\t\t<span class=\"elementor-button-content-wrapper\">\n\t\t\t\t\t\t\t\t\t<span class=\"elementor-button-text\">Entdecken Sie die Onlus<\/span>\n\t\t\t\t\t<\/span>\n\t\t\t\t\t<\/a>\n\t\t\t\t<\/div>\n\t\t\t\t\t\t\t\t<\/div>\n\t\t\t\t<\/div>\n\t\t\t\t<\/div>\n\t\t\t\t\t<\/div>\n\t\t\t\t<\/div>\n\t\t<div class=\"elementor-element elementor-element-870569f e-flex e-con-boxed e-con e-parent\" data-id=\"870569f\" data-element_type=\"container\" data-e-type=\"container\" data-settings=\"{&quot;background_background&quot;:&quot;classic&quot;}\">\n\t\t\t\t\t<div class=\"e-con-inner\">\n\t\t<div class=\"elementor-element elementor-element-10a2d83 e-con-full e-flex e-con e-child\" data-id=\"10a2d83\" data-element_type=\"container\" data-e-type=\"container\">\n\t\t<div class=\"elementor-element elementor-element-d4f9128 e-con-full e-flex e-con e-child\" data-id=\"d4f9128\" data-element_type=\"container\" data-e-type=\"container\">\n\t\t\t\t<div class=\"elementor-element elementor-element-0734ff8 elementor-widget elementor-widget-heading\" data-id=\"0734ff8\" data-element_type=\"widget\" data-e-type=\"widget\" data-widget_type=\"heading.default\">\n\t\t\t\t<div class=\"elementor-widget-container\">\n\t\t\t\t\t<h2 class=\"elementor-heading-title elementor-size-default\">GALERIE<\/h2>\t\t\t\t<\/div>\n\t\t\t\t<\/div>\n\t\t\t\t<div class=\"elementor-element elementor-element-3cb6d7e elementor-widget__width-initial elementor-widget elementor-widget-text-editor\" data-id=\"3cb6d7e\" data-element_type=\"widget\" data-e-type=\"widget\" data-widget_type=\"text-editor.default\">\n\t\t\t\t<div class=\"elementor-widget-container\">\n\t\t\t\t\t\t\t\t\t<p>Sport und die Liebe zum Gebiet am Gardasee.<\/p><p>Es ist eine Strecke, die nicht nur f\u00fcr den Wettbewerb gedacht ist, sondern auch, um die Liebe zum Laufen, zur Region und zum Miteinander zu feiern. Eine Gelegenheit, Lazise auf authentische Weise zu erleben.<\/p>\t\t\t\t\t\t\t\t<\/div>\n\t\t\t\t<\/div>\n\t\t\t\t<\/div>\n\t\t<div class=\"elementor-element elementor-element-149477d e-con-full e-flex e-con e-child\" data-id=\"149477d\" data-element_type=\"container\" data-e-type=\"container\">\n\t\t\t\t<div class=\"elementor-element elementor-element-fd0063a elementor-widget__width-initial elementor-widget elementor-widget-image\" data-id=\"fd0063a\" data-element_type=\"widget\" data-e-type=\"widget\" data-widget_type=\"image.default\">\n\t\t\t\t<div class=\"elementor-widget-container\">\n\t\t\t\t\t\t\t\t\t\t\t\t\t\t\t<img loading=\"lazy\" decoding=\"async\" width=\"1800\" height=\"1350\" src=\"https:\/\/www.laziseloverun.it\/wp-content\/uploads\/2025\/12\/4.jpg\" class=\"attachment-full size-full wp-image-2687\" alt=\"\" srcset=\"https:\/\/www.laziseloverun.it\/wp-content\/uploads\/2025\/12\/4.jpg 1800w, https:\/\/www.laziseloverun.it\/wp-content\/uploads\/2025\/12\/4-300x225.jpg 300w, https:\/\/www.laziseloverun.it\/wp-content\/uploads\/2025\/12\/4-1024x768.jpg 1024w, https:\/\/www.laziseloverun.it\/wp-content\/uploads\/2025\/12\/4-768x576.jpg 768w, https:\/\/www.laziseloverun.it\/wp-content\/uploads\/2025\/12\/4-1536x1152.jpg 1536w\" sizes=\"auto, (max-width: 1800px) 100vw, 1800px\" \/>\t\t\t\t\t\t\t\t\t\t\t\t\t\t\t<\/div>\n\t\t\t\t<\/div>\n\t\t\t\t<div class=\"elementor-element elementor-element-557fe57 elementor-widget__width-initial elementor-widget elementor-widget-image\" data-id=\"557fe57\" data-element_type=\"widget\" data-e-type=\"widget\" data-widget_type=\"image.default\">\n\t\t\t\t<div class=\"elementor-widget-container\">\n\t\t\t\t\t\t\t\t\t\t\t\t\t\t\t<img loading=\"lazy\" decoding=\"async\" width=\"1700\" height=\"1275\" src=\"https:\/\/www.laziseloverun.it\/wp-content\/uploads\/2025\/12\/3.jpg\" class=\"attachment-full size-full wp-image-2688\" alt=\"\" srcset=\"https:\/\/www.laziseloverun.it\/wp-content\/uploads\/2025\/12\/3.jpg 1700w, https:\/\/www.laziseloverun.it\/wp-content\/uploads\/2025\/12\/3-300x225.jpg 300w, https:\/\/www.laziseloverun.it\/wp-content\/uploads\/2025\/12\/3-1024x768.jpg 1024w, https:\/\/www.laziseloverun.it\/wp-content\/uploads\/2025\/12\/3-768x576.jpg 768w, https:\/\/www.laziseloverun.it\/wp-content\/uploads\/2025\/12\/3-1536x1152.jpg 1536w\" sizes=\"auto, (max-width: 1700px) 100vw, 1700px\" \/>\t\t\t\t\t\t\t\t\t\t\t\t\t\t\t<\/div>\n\t\t\t\t<\/div>\n\t\t\t\t<div class=\"elementor-element elementor-element-9dbe026 elementor-widget__width-initial elementor-widget elementor-widget-image\" data-id=\"9dbe026\" data-element_type=\"widget\" data-e-type=\"widget\" data-widget_type=\"image.default\">\n\t\t\t\t<div class=\"elementor-widget-container\">\n\t\t\t\t\t\t\t\t\t\t\t\t\t\t\t<img loading=\"lazy\" decoding=\"async\" width=\"2000\" height=\"1334\" src=\"https:\/\/www.laziseloverun.it\/wp-content\/uploads\/2025\/12\/1.jpg\" class=\"attachment-full size-full wp-image-2689\" alt=\"\" srcset=\"https:\/\/www.laziseloverun.it\/wp-content\/uploads\/2025\/12\/1.jpg 2000w, https:\/\/www.laziseloverun.it\/wp-content\/uploads\/2025\/12\/1-300x200.jpg 300w, https:\/\/www.laziseloverun.it\/wp-content\/uploads\/2025\/12\/1-1024x683.jpg 1024w, https:\/\/www.laziseloverun.it\/wp-content\/uploads\/2025\/12\/1-768x512.jpg 768w, https:\/\/www.laziseloverun.it\/wp-content\/uploads\/2025\/12\/1-1536x1025.jpg 1536w\" sizes=\"auto, (max-width: 2000px) 100vw, 2000px\" \/>\t\t\t\t\t\t\t\t\t\t\t\t\t\t\t<\/div>\n\t\t\t\t<\/div>\n\t\t\t\t<div class=\"elementor-element elementor-element-4f46c30 elementor-widget__width-initial elementor-widget elementor-widget-image\" data-id=\"4f46c30\" data-element_type=\"widget\" data-e-type=\"widget\" data-widget_type=\"image.default\">\n\t\t\t\t<div class=\"elementor-widget-container\">\n\t\t\t\t\t\t\t\t\t\t\t\t\t\t\t<img loading=\"lazy\" decoding=\"async\" width=\"2000\" height=\"1334\" src=\"https:\/\/www.laziseloverun.it\/wp-content\/uploads\/2025\/12\/5.jpg\" class=\"attachment-full size-full wp-image-2690\" alt=\"\" srcset=\"https:\/\/www.laziseloverun.it\/wp-content\/uploads\/2025\/12\/5.jpg 2000w, https:\/\/www.laziseloverun.it\/wp-content\/uploads\/2025\/12\/5-300x200.jpg 300w, https:\/\/www.laziseloverun.it\/wp-content\/uploads\/2025\/12\/5-1024x683.jpg 1024w, https:\/\/www.laziseloverun.it\/wp-content\/uploads\/2025\/12\/5-768x512.jpg 768w, https:\/\/www.laziseloverun.it\/wp-content\/uploads\/2025\/12\/5-1536x1025.jpg 1536w\" sizes=\"auto, (max-width: 2000px) 100vw, 2000px\" \/>\t\t\t\t\t\t\t\t\t\t\t\t\t\t\t<\/div>\n\t\t\t\t<\/div>\n\t\t\t\t<div class=\"elementor-element elementor-element-e2b7626 elementor-widget__width-initial elementor-widget elementor-widget-image\" data-id=\"e2b7626\" data-element_type=\"widget\" data-e-type=\"widget\" data-widget_type=\"image.default\">\n\t\t\t\t<div class=\"elementor-widget-container\">\n\t\t\t\t\t\t\t\t\t\t\t\t\t\t\t<img loading=\"lazy\" decoding=\"async\" width=\"1800\" height=\"1201\" src=\"https:\/\/www.laziseloverun.it\/wp-content\/uploads\/2025\/12\/2.jpg\" class=\"attachment-full size-full wp-image-2691\" alt=\"\" srcset=\"https:\/\/www.laziseloverun.it\/wp-content\/uploads\/2025\/12\/2.jpg 1800w, https:\/\/www.laziseloverun.it\/wp-content\/uploads\/2025\/12\/2-300x200.jpg 300w, https:\/\/www.laziseloverun.it\/wp-content\/uploads\/2025\/12\/2-1024x683.jpg 1024w, https:\/\/www.laziseloverun.it\/wp-content\/uploads\/2025\/12\/2-768x512.jpg 768w, https:\/\/www.laziseloverun.it\/wp-content\/uploads\/2025\/12\/2-1536x1025.jpg 1536w\" sizes=\"auto, (max-width: 1800px) 100vw, 1800px\" \/>\t\t\t\t\t\t\t\t\t\t\t\t\t\t\t<\/div>\n\t\t\t\t<\/div>\n\t\t\t\t<\/div>\n\t\t\t\t<\/div>\n\t\t\t\t\t<\/div>\n\t\t\t\t<\/div>\n\t\t<div data-dce-background-image-url=\"https:\/\/www.laziseloverun.it\/wp-content\/uploads\/2024\/10\/DJI_0112-min.jpg\" class=\"elementor-element elementor-element-0636a3b e-flex e-con-boxed e-con e-parent\" data-id=\"0636a3b\" data-element_type=\"container\" data-e-type=\"container\" data-settings=\"{&quot;background_background&quot;:&quot;classic&quot;}\">\n\t\t\t\t\t<div class=\"e-con-inner\">\n\t\t<div class=\"elementor-element elementor-element-02413e4 e-con-full e-flex e-con e-child\" data-id=\"02413e4\" data-element_type=\"container\" data-e-type=\"container\">\n\t\t\t\t<div class=\"elementor-element elementor-element-f15811e elementor-widget elementor-widget-heading\" data-id=\"f15811e\" data-element_type=\"widget\" data-e-type=\"widget\" data-widget_type=\"heading.default\">\n\t\t\t\t<div class=\"elementor-widget-container\">\n\t\t\t\t\t<h2 class=\"elementor-heading-title elementor-size-default\">Lebe die Liebe zum Sport und zur Region<\/h2>\t\t\t\t<\/div>\n\t\t\t\t<\/div>\n\t\t\t\t<div class=\"elementor-element elementor-element-aed984b elementor-widget__width-initial elementor-widget elementor-widget-text-editor\" data-id=\"aed984b\" data-element_type=\"widget\" data-e-type=\"widget\" data-widget_type=\"text-editor.default\">\n\t\t\t\t<div class=\"elementor-widget-container\">\n\t\t\t\t\t\t\t\t\t<p>Komm und lauf mit uns, entdecke den Charme von Lazise, zwischen den Farben des Sees und der Energie eines unvergesslichen Events.<\/p>\t\t\t\t\t\t\t\t<\/div>\n\t\t\t\t<\/div>\n\t\t\t\t<\/div>\n\t\t\t\t\t<\/div>\n\t\t\t\t<\/div>\n\t\t\t\t<\/div>\n\t\t","protected":false},"excerpt":{"rendered":"<p>LAZISE LOVE RUN Mach dich bereit f\u00fcr ein einzigartiges Erlebnis aus Sport und Spa\u00df!Der Lazise Love Run erwartet dich am Ufer des Gardasees mit einer atemberaubenden Strecke, die dich in die umliegende Landschaft verlieben l\u00e4sst. Anmelden LAZISE LOVE RUN Sonntag, 8. Februar 2026 Lazise, Verona 10 km FIDAL-zertifiziert 10 km nicht-wettkampfm\u00e4\u00dfig mit Zeitmessung Neuigkeiten! Neuer [&hellip;]<\/p>\n","protected":false},"author":2,"featured_media":0,"parent":0,"menu_order":0,"comment_status":"closed","ping_status":"closed","template":"","meta":{"_acf_changed":false,"inline_featured_image":false,"footnotes":""},"class_list":["post-2562","page","type-page","status-publish","hentry"],"acf":[],"_links":{"self":[{"href":"https:\/\/www.laziseloverun.it\/de\/wp-json\/wp\/v2\/pages\/2562","targetHints":{"allow":["GET"]}}],"collection":[{"href":"https:\/\/www.laziseloverun.it\/de\/wp-json\/wp\/v2\/pages"}],"about":[{"href":"https:\/\/www.laziseloverun.it\/de\/wp-json\/wp\/v2\/types\/page"}],"author":[{"embeddable":true,"href":"https:\/\/www.laziseloverun.it\/de\/wp-json\/wp\/v2\/users\/2"}],"replies":[{"embeddable":true,"href":"https:\/\/www.laziseloverun.it\/de\/wp-json\/wp\/v2\/comments?post=2562"}],"version-history":[{"count":16,"href":"https:\/\/www.laziseloverun.it\/de\/wp-json\/wp\/v2\/pages\/2562\/revisions"}],"predecessor-version":[{"id":3091,"href":"https:\/\/www.laziseloverun.it\/de\/wp-json\/wp\/v2\/pages\/2562\/revisions\/3091"}],"wp:attachment":[{"href":"https:\/\/www.laziseloverun.it\/de\/wp-json\/wp\/v2\/media?parent=2562"}],"curies":[{"name":"wp","href":"https:\/\/api.w.org\/{rel}","templated":true}]}}